{"id":5248,"date":"2016-12-02T15:31:31","date_gmt":"2016-12-02T14:31:31","guid":{"rendered":"http:\/\/www.modimex.it\/fr\/?post_type=product&#038;p=5248"},"modified":"2016-12-02T17:01:31","modified_gmt":"2016-12-02T16:01:31","slug":"rivet-conique-sureleve","status":"publish","type":"product","link":"https:\/\/www.modimex.it\/fr\/produit\/rivet-conique-sureleve\/","title":{"rendered":"Rivet conique sur\u00e9lev\u00e9 &#8211; 2 parts"},"content":{"rendered":"<p>C\u00f4ne en laiton \u2013 appliquer avec vis ou avec sous<\/p>\n<p>Art. RV-K2: \u00a0 base \u00a08mm &#8211; haut\u00e9\u00a012mm &#8211; avec vis<\/p>\n<p>Art. RV-K1: \u00a0 base \u00a0 8mm &#8211; haut\u00e9 25mm &#8211; avec vis<\/p>\n<p>Art. RV-K20: base \u00a06mm &#8211; height \u00a0 6mm &#8211;\u00a0avec sous<\/p>\n<p>Art. RV-K21: base 10mm &#8211; height\u00a016mm &#8211;\u00a0avec sous<\/p>\n","protected":false},"excerpt":{"rendered":"<p>C\u00f4ne en laiton \u2013 appliquer avec vis ou avec sous Art. RV-K2: \u00a0 base \u00a08mm &#8211; haut\u00e9\u00a012mm &#8211; avec vis Art. RV-K1: \u00a0 base \u00a0 8mm &#8211; haut\u00e9 25mm &#8211; avec vis Art. RV-K20: base \u00a06mm &#8211; height \u00a0 6mm &#8211;\u00a0avec sous Art. RV-K21: base 10mm &#8211; height\u00a016mm &#8211;\u00a0avec sous<\/p>\n","protected":false},"featured_media":5246,"template":"","meta":{"_acf_changed":false},"product_brand":[],"product_cat":[159,153],"product_tag":[],"class_list":{"0":"post-5248","1":"product","2":"type-product","3":"status-publish","4":"has-post-thumbnail","6":"product_cat-rivets-metalliques","7":"product_cat-rivets","9":"first","10":"instock","11":"shipping-taxable","12":"product-type-simple"},"acf":[],"yoast_head":"<!-- This site is optimized with the Yoast SEO plugin v26.8 - https:\/\/yoast.com\/product\/yoast-seo-wordpress\/ -->\n<title>Rivet conique sur\u00e9lev\u00e9 - 2 parts | Modimex<\/title>\n<meta name=\"robots\" content=\"index, follow, max-snippet:-1, max-image-preview:large, max-video-preview:-1\" \/>\n<link rel=\"canonical\" href=\"https:\/\/www.modimex.it\/fr\/prodotto\/rivet-conique-sureleve\/\" \/>\n<meta property=\"og:locale\" content=\"fr_FR\" \/>\n<meta property=\"og:type\" content=\"article\" \/>\n<meta property=\"og:title\" content=\"Rivet conique sur\u00e9lev\u00e9 - 2 parts | Modimex\" \/>\n<meta property=\"og:description\" content=\"C\u00f4ne en laiton \u2013 appliquer avec vis ou avec sous Art. RV-K2: \u00a0 base \u00a08mm &#8211; haut\u00e9\u00a012mm &#8211; avec vis Art. RV-K1: \u00a0 base \u00a0 8mm &#8211; haut\u00e9 25mm &#8211; avec vis Art. RV-K20: base \u00a06mm &#8211; height \u00a0 6mm &#8211;\u00a0avec sous Art. RV-K21: base 10mm &#8211; height\u00a016mm &#8211;\u00a0avec sous\" \/>\n<meta property=\"og:url\" content=\"https:\/\/www.modimex.it\/fr\/prodotto\/rivet-conique-sureleve\/\" \/>\n<meta property=\"og:site_name\" content=\"Modimex\" \/>\n<meta property=\"article:modified_time\" content=\"2016-12-02T16:01:31+00:00\" \/>\n<meta property=\"og:image\" content=\"https:\/\/www.modimex.it\/wp-content\/uploads\/2016\/12\/RVK-WEB.jpg\" \/>\n\t<meta property=\"og:image:width\" content=\"1000\" \/>\n\t<meta property=\"og:image:height\" content=\"667\" \/>\n\t<meta property=\"og:image:type\" content=\"image\/jpeg\" \/>\n<script type=\"application\/ld+json\" class=\"yoast-schema-graph\">{\"@context\":\"https:\/\/schema.org\",\"@graph\":[{\"@type\":\"WebPage\",\"@id\":\"https:\/\/www.modimex.it\/fr\/prodotto\/rivet-conique-sureleve\/\",\"url\":\"https:\/\/www.modimex.it\/fr\/prodotto\/rivet-conique-sureleve\/\",\"name\":\"Rivet conique sur\u00e9lev\u00e9 - 2 parts | Modimex\",\"isPartOf\":{\"@id\":\"https:\/\/www.modimex.it\/#website\"},\"primaryImageOfPage\":{\"@id\":\"https:\/\/www.modimex.it\/fr\/prodotto\/rivet-conique-sureleve\/#primaryimage\"},\"image\":{\"@id\":\"https:\/\/www.modimex.it\/fr\/prodotto\/rivet-conique-sureleve\/#primaryimage\"},\"thumbnailUrl\":\"https:\/\/www.modimex.it\/wp-content\/uploads\/2016\/12\/RVK-WEB.jpg\",\"datePublished\":\"2016-12-02T14:31:31+00:00\",\"dateModified\":\"2016-12-02T16:01:31+00:00\",\"breadcrumb\":{\"@id\":\"https:\/\/www.modimex.it\/fr\/prodotto\/rivet-conique-sureleve\/#breadcrumb\"},\"inLanguage\":\"fr-FR\",\"potentialAction\":[{\"@type\":\"ReadAction\",\"target\":[\"https:\/\/www.modimex.it\/fr\/prodotto\/rivet-conique-sureleve\/\"]}]},{\"@type\":\"ImageObject\",\"inLanguage\":\"fr-FR\",\"@id\":\"https:\/\/www.modimex.it\/fr\/prodotto\/rivet-conique-sureleve\/#primaryimage\",\"url\":\"https:\/\/www.modimex.it\/wp-content\/uploads\/2016\/12\/RVK-WEB.jpg\",\"contentUrl\":\"https:\/\/www.modimex.it\/wp-content\/uploads\/2016\/12\/RVK-WEB.jpg\",\"width\":1000,\"height\":667},{\"@type\":\"BreadcrumbList\",\"@id\":\"https:\/\/www.modimex.it\/fr\/prodotto\/rivet-conique-sureleve\/#breadcrumb\",\"itemListElement\":[{\"@type\":\"ListItem\",\"position\":1,\"name\":\"Home\",\"item\":\"https:\/\/www.modimex.it\/fr\/\"},{\"@type\":\"ListItem\",\"position\":2,\"name\":\"Catalogue\",\"item\":\"https:\/\/www.modimex.it\/prodotti-modimex\/\"},{\"@type\":\"ListItem\",\"position\":3,\"name\":\"Rivet conique sur\u00e9lev\u00e9 &#8211; 2 parts\"}]},{\"@type\":\"WebSite\",\"@id\":\"https:\/\/www.modimex.it\/#website\",\"url\":\"https:\/\/www.modimex.it\/\",\"name\":\"Modimex\",\"description\":\"Modimex Accessori srl\",\"publisher\":{\"@id\":\"https:\/\/www.modimex.it\/#organization\"},\"potentialAction\":[{\"@type\":\"SearchAction\",\"target\":{\"@type\":\"EntryPoint\",\"urlTemplate\":\"https:\/\/www.modimex.it\/?s={search_term_string}\"},\"query-input\":{\"@type\":\"PropertyValueSpecification\",\"valueRequired\":true,\"valueName\":\"search_term_string\"}}],\"inLanguage\":\"fr-FR\"},{\"@type\":\"Organization\",\"@id\":\"https:\/\/www.modimex.it\/#organization\",\"name\":\"Modimex Accessori Srl\",\"url\":\"https:\/\/www.modimex.it\/\",\"logo\":{\"@type\":\"ImageObject\",\"inLanguage\":\"fr-FR\",\"@id\":\"https:\/\/www.modimex.it\/#\/schema\/logo\/image\/\",\"url\":\"https:\/\/www.modimex.it\/wp-content\/uploads\/2019\/03\/cropped-Logo-MODIMEX-Accessori.png\",\"contentUrl\":\"https:\/\/www.modimex.it\/wp-content\/uploads\/2019\/03\/cropped-Logo-MODIMEX-Accessori.png\",\"width\":512,\"height\":512,\"caption\":\"Modimex Accessori Srl\"},\"image\":{\"@id\":\"https:\/\/www.modimex.it\/#\/schema\/logo\/image\/\"}}]}<\/script>\n<!-- \/ Yoast SEO plugin. -->","yoast_head_json":{"title":"Rivet conique sur\u00e9lev\u00e9 - 2 parts | Modimex","robots":{"index":"index","follow":"follow","max-snippet":"max-snippet:-1","max-image-preview":"max-image-preview:large","max-video-preview":"max-video-preview:-1"},"canonical":"https:\/\/www.modimex.it\/fr\/prodotto\/rivet-conique-sureleve\/","og_locale":"fr_FR","og_type":"article","og_title":"Rivet conique sur\u00e9lev\u00e9 - 2 parts | Modimex","og_description":"C\u00f4ne en laiton \u2013 appliquer avec vis ou avec sous Art. RV-K2: \u00a0 base \u00a08mm &#8211; haut\u00e9\u00a012mm &#8211; avec vis Art. RV-K1: \u00a0 base \u00a0 8mm &#8211; haut\u00e9 25mm &#8211; avec vis Art. RV-K20: base \u00a06mm &#8211; height \u00a0 6mm &#8211;\u00a0avec sous Art. RV-K21: base 10mm &#8211; height\u00a016mm &#8211;\u00a0avec sous","og_url":"https:\/\/www.modimex.it\/fr\/prodotto\/rivet-conique-sureleve\/","og_site_name":"Modimex","article_modified_time":"2016-12-02T16:01:31+00:00","og_image":[{"width":1000,"height":667,"url":"https:\/\/www.modimex.it\/wp-content\/uploads\/2016\/12\/RVK-WEB.jpg","type":"image\/jpeg"}],"schema":{"@context":"https:\/\/schema.org","@graph":[{"@type":"WebPage","@id":"https:\/\/www.modimex.it\/fr\/prodotto\/rivet-conique-sureleve\/","url":"https:\/\/www.modimex.it\/fr\/prodotto\/rivet-conique-sureleve\/","name":"Rivet conique sur\u00e9lev\u00e9 - 2 parts | Modimex","isPartOf":{"@id":"https:\/\/www.modimex.it\/#website"},"primaryImageOfPage":{"@id":"https:\/\/www.modimex.it\/fr\/prodotto\/rivet-conique-sureleve\/#primaryimage"},"image":{"@id":"https:\/\/www.modimex.it\/fr\/prodotto\/rivet-conique-sureleve\/#primaryimage"},"thumbnailUrl":"https:\/\/www.modimex.it\/wp-content\/uploads\/2016\/12\/RVK-WEB.jpg","datePublished":"2016-12-02T14:31:31+00:00","dateModified":"2016-12-02T16:01:31+00:00","breadcrumb":{"@id":"https:\/\/www.modimex.it\/fr\/prodotto\/rivet-conique-sureleve\/#breadcrumb"},"inLanguage":"fr-FR","potentialAction":[{"@type":"ReadAction","target":["https:\/\/www.modimex.it\/fr\/prodotto\/rivet-conique-sureleve\/"]}]},{"@type":"ImageObject","inLanguage":"fr-FR","@id":"https:\/\/www.modimex.it\/fr\/prodotto\/rivet-conique-sureleve\/#primaryimage","url":"https:\/\/www.modimex.it\/wp-content\/uploads\/2016\/12\/RVK-WEB.jpg","contentUrl":"https:\/\/www.modimex.it\/wp-content\/uploads\/2016\/12\/RVK-WEB.jpg","width":1000,"height":667},{"@type":"BreadcrumbList","@id":"https:\/\/www.modimex.it\/fr\/prodotto\/rivet-conique-sureleve\/#breadcrumb","itemListElement":[{"@type":"ListItem","position":1,"name":"Home","item":"https:\/\/www.modimex.it\/fr\/"},{"@type":"ListItem","position":2,"name":"Catalogue","item":"https:\/\/www.modimex.it\/prodotti-modimex\/"},{"@type":"ListItem","position":3,"name":"Rivet conique sur\u00e9lev\u00e9 &#8211; 2 parts"}]},{"@type":"WebSite","@id":"https:\/\/www.modimex.it\/#website","url":"https:\/\/www.modimex.it\/","name":"Modimex","description":"Modimex Accessori srl","publisher":{"@id":"https:\/\/www.modimex.it\/#organization"},"potentialAction":[{"@type":"SearchAction","target":{"@type":"EntryPoint","urlTemplate":"https:\/\/www.modimex.it\/?s={search_term_string}"},"query-input":{"@type":"PropertyValueSpecification","valueRequired":true,"valueName":"search_term_string"}}],"inLanguage":"fr-FR"},{"@type":"Organization","@id":"https:\/\/www.modimex.it\/#organization","name":"Modimex Accessori Srl","url":"https:\/\/www.modimex.it\/","logo":{"@type":"ImageObject","inLanguage":"fr-FR","@id":"https:\/\/www.modimex.it\/#\/schema\/logo\/image\/","url":"https:\/\/www.modimex.it\/wp-content\/uploads\/2019\/03\/cropped-Logo-MODIMEX-Accessori.png","contentUrl":"https:\/\/www.modimex.it\/wp-content\/uploads\/2019\/03\/cropped-Logo-MODIMEX-Accessori.png","width":512,"height":512,"caption":"Modimex Accessori Srl"},"image":{"@id":"https:\/\/www.modimex.it\/#\/schema\/logo\/image\/"}}]}},"_links":{"self":[{"href":"https:\/\/www.modimex.it\/fr\/wp-json\/wp\/v2\/product\/5248","targetHints":{"allow":["GET"]}}],"collection":[{"href":"https:\/\/www.modimex.it\/fr\/wp-json\/wp\/v2\/product"}],"about":[{"href":"https:\/\/www.modimex.it\/fr\/wp-json\/wp\/v2\/types\/product"}],"wp:featuredmedia":[{"embeddable":true,"href":"https:\/\/www.modimex.it\/fr\/wp-json\/wp\/v2\/media\/5246"}],"wp:attachment":[{"href":"https:\/\/www.modimex.it\/fr\/wp-json\/wp\/v2\/media?parent=5248"}],"wp:term":[{"taxonomy":"product_brand","embeddable":true,"href":"https:\/\/www.modimex.it\/fr\/wp-json\/wp\/v2\/product_brand?post=5248"},{"taxonomy":"product_cat","embeddable":true,"href":"https:\/\/www.modimex.it\/fr\/wp-json\/wp\/v2\/product_cat?post=5248"},{"taxonomy":"product_tag","embeddable":true,"href":"https:\/\/www.modimex.it\/fr\/wp-json\/wp\/v2\/product_tag?post=5248"}],"curies":[{"name":"wp","href":"https:\/\/api.w.org\/{rel}","templated":true}]}}