{"id":4597,"date":"2016-10-27T14:28:38","date_gmt":"2016-10-27T12:28:38","guid":{"rendered":"http:\/\/www.modimex.it\/fr\/?post_type=product&#038;p=4597"},"modified":"2020-12-01T17:44:09","modified_gmt":"2020-12-01T16:44:09","slug":"230160b2-230160b3","status":"publish","type":"product","link":"https:\/\/www.modimex.it\/fr\/produit\/230160b2-230160b3\/","title":{"rendered":"230160B2-230160B3"},"content":{"rendered":"<p>\u00e9l\u00e9ments concave ad anneau<\/p>\n<p>230160B2: panneau cm 75&#215;30 &#8211; \u00e9l\u00e9ments 2mm<\/p>\n<p>230160B3: panneau cm 100&#215;45 &#8211; \u00e9l\u00e9ments 3mm<\/p>\n","protected":false},"excerpt":{"rendered":"<p>\u00e9l\u00e9ments concave ad anneau 230160B2: panneau cm 75&#215;30 &#8211; \u00e9l\u00e9ments 2mm 230160B3: panneau cm 100&#215;45 &#8211; \u00e9l\u00e9ments 3mm<\/p>\n","protected":false},"featured_media":4595,"template":"","meta":{"_acf_changed":false},"product_brand":[],"product_cat":[133,93],"product_tag":[],"class_list":{"0":"post-4597","1":"product","2":"type-product","3":"status-publish","4":"has-post-thumbnail","6":"product_cat-mailles-metalliques-en-laiton","7":"product_cat-mailles-metalliques","9":"first","10":"instock","11":"shipping-taxable","12":"product-type-simple"},"acf":[],"yoast_head":"<!-- This site is optimized with the Yoast SEO plugin v26.8 - https:\/\/yoast.com\/product\/yoast-seo-wordpress\/ -->\n<title>230160B2-230160B3 | Modimex<\/title>\n<meta name=\"robots\" content=\"index, follow, max-snippet:-1, max-image-preview:large, max-video-preview:-1\" \/>\n<link rel=\"canonical\" href=\"https:\/\/www.modimex.it\/fr\/prodotto\/230160b2-230160b3\/\" \/>\n<meta property=\"og:locale\" content=\"fr_FR\" \/>\n<meta property=\"og:type\" content=\"article\" \/>\n<meta property=\"og:title\" content=\"230160B2-230160B3 | Modimex\" \/>\n<meta property=\"og:description\" content=\"\u00e9l\u00e9ments concave ad anneau 230160B2: panneau cm 75&#215;30 &#8211; \u00e9l\u00e9ments 2mm 230160B3: panneau cm 100&#215;45 &#8211; \u00e9l\u00e9ments 3mm\" \/>\n<meta property=\"og:url\" content=\"https:\/\/www.modimex.it\/fr\/prodotto\/230160b2-230160b3\/\" \/>\n<meta property=\"og:site_name\" content=\"Modimex\" \/>\n<meta property=\"article:modified_time\" content=\"2020-12-01T16:44:09+00:00\" \/>\n<meta property=\"og:image\" content=\"https:\/\/www.modimex.it\/wp-content\/uploads\/2016\/10\/230160B2-3WEB.jpg\" \/>\n\t<meta property=\"og:image:width\" content=\"1000\" \/>\n\t<meta property=\"og:image:height\" content=\"667\" \/>\n\t<meta property=\"og:image:type\" content=\"image\/jpeg\" \/>\n<script type=\"application\/ld+json\" class=\"yoast-schema-graph\">{\"@context\":\"https:\/\/schema.org\",\"@graph\":[{\"@type\":\"WebPage\",\"@id\":\"https:\/\/www.modimex.it\/fr\/prodotto\/230160b2-230160b3\/\",\"url\":\"https:\/\/www.modimex.it\/fr\/prodotto\/230160b2-230160b3\/\",\"name\":\"230160B2-230160B3 | Modimex\",\"isPartOf\":{\"@id\":\"https:\/\/www.modimex.it\/#website\"},\"primaryImageOfPage\":{\"@id\":\"https:\/\/www.modimex.it\/fr\/prodotto\/230160b2-230160b3\/#primaryimage\"},\"image\":{\"@id\":\"https:\/\/www.modimex.it\/fr\/prodotto\/230160b2-230160b3\/#primaryimage\"},\"thumbnailUrl\":\"https:\/\/www.modimex.it\/wp-content\/uploads\/2016\/10\/230160B2-3WEB.jpg\",\"datePublished\":\"2016-10-27T12:28:38+00:00\",\"dateModified\":\"2020-12-01T16:44:09+00:00\",\"breadcrumb\":{\"@id\":\"https:\/\/www.modimex.it\/fr\/prodotto\/230160b2-230160b3\/#breadcrumb\"},\"inLanguage\":\"fr-FR\",\"potentialAction\":[{\"@type\":\"ReadAction\",\"target\":[\"https:\/\/www.modimex.it\/fr\/prodotto\/230160b2-230160b3\/\"]}]},{\"@type\":\"ImageObject\",\"inLanguage\":\"fr-FR\",\"@id\":\"https:\/\/www.modimex.it\/fr\/prodotto\/230160b2-230160b3\/#primaryimage\",\"url\":\"https:\/\/www.modimex.it\/wp-content\/uploads\/2016\/10\/230160B2-3WEB.jpg\",\"contentUrl\":\"https:\/\/www.modimex.it\/wp-content\/uploads\/2016\/10\/230160B2-3WEB.jpg\",\"width\":1000,\"height\":667},{\"@type\":\"BreadcrumbList\",\"@id\":\"https:\/\/www.modimex.it\/fr\/prodotto\/230160b2-230160b3\/#breadcrumb\",\"itemListElement\":[{\"@type\":\"ListItem\",\"position\":1,\"name\":\"Home\",\"item\":\"https:\/\/www.modimex.it\/fr\/\"},{\"@type\":\"ListItem\",\"position\":2,\"name\":\"Catalogue\",\"item\":\"https:\/\/www.modimex.it\/prodotti-modimex\/\"},{\"@type\":\"ListItem\",\"position\":3,\"name\":\"230160B2-230160B3\"}]},{\"@type\":\"WebSite\",\"@id\":\"https:\/\/www.modimex.it\/#website\",\"url\":\"https:\/\/www.modimex.it\/\",\"name\":\"Modimex\",\"description\":\"Modimex Accessori srl\",\"publisher\":{\"@id\":\"https:\/\/www.modimex.it\/#organization\"},\"potentialAction\":[{\"@type\":\"SearchAction\",\"target\":{\"@type\":\"EntryPoint\",\"urlTemplate\":\"https:\/\/www.modimex.it\/?s={search_term_string}\"},\"query-input\":{\"@type\":\"PropertyValueSpecification\",\"valueRequired\":true,\"valueName\":\"search_term_string\"}}],\"inLanguage\":\"fr-FR\"},{\"@type\":\"Organization\",\"@id\":\"https:\/\/www.modimex.it\/#organization\",\"name\":\"Modimex Accessori Srl\",\"url\":\"https:\/\/www.modimex.it\/\",\"logo\":{\"@type\":\"ImageObject\",\"inLanguage\":\"fr-FR\",\"@id\":\"https:\/\/www.modimex.it\/#\/schema\/logo\/image\/\",\"url\":\"https:\/\/www.modimex.it\/wp-content\/uploads\/2019\/03\/cropped-Logo-MODIMEX-Accessori.png\",\"contentUrl\":\"https:\/\/www.modimex.it\/wp-content\/uploads\/2019\/03\/cropped-Logo-MODIMEX-Accessori.png\",\"width\":512,\"height\":512,\"caption\":\"Modimex Accessori Srl\"},\"image\":{\"@id\":\"https:\/\/www.modimex.it\/#\/schema\/logo\/image\/\"}}]}<\/script>\n<!-- \/ Yoast SEO plugin. -->","yoast_head_json":{"title":"230160B2-230160B3 | Modimex","robots":{"index":"index","follow":"follow","max-snippet":"max-snippet:-1","max-image-preview":"max-image-preview:large","max-video-preview":"max-video-preview:-1"},"canonical":"https:\/\/www.modimex.it\/fr\/prodotto\/230160b2-230160b3\/","og_locale":"fr_FR","og_type":"article","og_title":"230160B2-230160B3 | Modimex","og_description":"\u00e9l\u00e9ments concave ad anneau 230160B2: panneau cm 75&#215;30 &#8211; \u00e9l\u00e9ments 2mm 230160B3: panneau cm 100&#215;45 &#8211; \u00e9l\u00e9ments 3mm","og_url":"https:\/\/www.modimex.it\/fr\/prodotto\/230160b2-230160b3\/","og_site_name":"Modimex","article_modified_time":"2020-12-01T16:44:09+00:00","og_image":[{"width":1000,"height":667,"url":"https:\/\/www.modimex.it\/wp-content\/uploads\/2016\/10\/230160B2-3WEB.jpg","type":"image\/jpeg"}],"schema":{"@context":"https:\/\/schema.org","@graph":[{"@type":"WebPage","@id":"https:\/\/www.modimex.it\/fr\/prodotto\/230160b2-230160b3\/","url":"https:\/\/www.modimex.it\/fr\/prodotto\/230160b2-230160b3\/","name":"230160B2-230160B3 | Modimex","isPartOf":{"@id":"https:\/\/www.modimex.it\/#website"},"primaryImageOfPage":{"@id":"https:\/\/www.modimex.it\/fr\/prodotto\/230160b2-230160b3\/#primaryimage"},"image":{"@id":"https:\/\/www.modimex.it\/fr\/prodotto\/230160b2-230160b3\/#primaryimage"},"thumbnailUrl":"https:\/\/www.modimex.it\/wp-content\/uploads\/2016\/10\/230160B2-3WEB.jpg","datePublished":"2016-10-27T12:28:38+00:00","dateModified":"2020-12-01T16:44:09+00:00","breadcrumb":{"@id":"https:\/\/www.modimex.it\/fr\/prodotto\/230160b2-230160b3\/#breadcrumb"},"inLanguage":"fr-FR","potentialAction":[{"@type":"ReadAction","target":["https:\/\/www.modimex.it\/fr\/prodotto\/230160b2-230160b3\/"]}]},{"@type":"ImageObject","inLanguage":"fr-FR","@id":"https:\/\/www.modimex.it\/fr\/prodotto\/230160b2-230160b3\/#primaryimage","url":"https:\/\/www.modimex.it\/wp-content\/uploads\/2016\/10\/230160B2-3WEB.jpg","contentUrl":"https:\/\/www.modimex.it\/wp-content\/uploads\/2016\/10\/230160B2-3WEB.jpg","width":1000,"height":667},{"@type":"BreadcrumbList","@id":"https:\/\/www.modimex.it\/fr\/prodotto\/230160b2-230160b3\/#breadcrumb","itemListElement":[{"@type":"ListItem","position":1,"name":"Home","item":"https:\/\/www.modimex.it\/fr\/"},{"@type":"ListItem","position":2,"name":"Catalogue","item":"https:\/\/www.modimex.it\/prodotti-modimex\/"},{"@type":"ListItem","position":3,"name":"230160B2-230160B3"}]},{"@type":"WebSite","@id":"https:\/\/www.modimex.it\/#website","url":"https:\/\/www.modimex.it\/","name":"Modimex","description":"Modimex Accessori srl","publisher":{"@id":"https:\/\/www.modimex.it\/#organization"},"potentialAction":[{"@type":"SearchAction","target":{"@type":"EntryPoint","urlTemplate":"https:\/\/www.modimex.it\/?s={search_term_string}"},"query-input":{"@type":"PropertyValueSpecification","valueRequired":true,"valueName":"search_term_string"}}],"inLanguage":"fr-FR"},{"@type":"Organization","@id":"https:\/\/www.modimex.it\/#organization","name":"Modimex Accessori Srl","url":"https:\/\/www.modimex.it\/","logo":{"@type":"ImageObject","inLanguage":"fr-FR","@id":"https:\/\/www.modimex.it\/#\/schema\/logo\/image\/","url":"https:\/\/www.modimex.it\/wp-content\/uploads\/2019\/03\/cropped-Logo-MODIMEX-Accessori.png","contentUrl":"https:\/\/www.modimex.it\/wp-content\/uploads\/2019\/03\/cropped-Logo-MODIMEX-Accessori.png","width":512,"height":512,"caption":"Modimex Accessori Srl"},"image":{"@id":"https:\/\/www.modimex.it\/#\/schema\/logo\/image\/"}}]}},"_links":{"self":[{"href":"https:\/\/www.modimex.it\/fr\/wp-json\/wp\/v2\/product\/4597","targetHints":{"allow":["GET"]}}],"collection":[{"href":"https:\/\/www.modimex.it\/fr\/wp-json\/wp\/v2\/product"}],"about":[{"href":"https:\/\/www.modimex.it\/fr\/wp-json\/wp\/v2\/types\/product"}],"wp:featuredmedia":[{"embeddable":true,"href":"https:\/\/www.modimex.it\/fr\/wp-json\/wp\/v2\/media\/4595"}],"wp:attachment":[{"href":"https:\/\/www.modimex.it\/fr\/wp-json\/wp\/v2\/media?parent=4597"}],"wp:term":[{"taxonomy":"product_brand","embeddable":true,"href":"https:\/\/www.modimex.it\/fr\/wp-json\/wp\/v2\/product_brand?post=4597"},{"taxonomy":"product_cat","embeddable":true,"href":"https:\/\/www.modimex.it\/fr\/wp-json\/wp\/v2\/product_cat?post=4597"},{"taxonomy":"product_tag","embeddable":true,"href":"https:\/\/www.modimex.it\/fr\/wp-json\/wp\/v2\/product_tag?post=4597"}],"curies":[{"name":"wp","href":"https:\/\/api.w.org\/{rel}","templated":true}]}}