{"id":4495,"date":"2016-10-25T11:56:40","date_gmt":"2016-10-25T09:56:40","guid":{"rendered":"http:\/\/www.modimex.it\/fr\/?post_type=product&#038;p=4495"},"modified":"2016-11-22T12:58:48","modified_gmt":"2016-11-22T11:58:48","slug":"clou-a-rays-travailles-avec-diamants","status":"publish","type":"product","link":"https:\/\/www.modimex.it\/fr\/produit\/clou-a-rays-travailles-avec-diamants\/","title":{"rendered":"Clou \u00e0 rays travaill\u00e9s avec diamants"},"content":{"rendered":"<p>Il est r\u00e9alisable sur d&rsquo;autres mod\u00e8les de clous aussi.<\/p>\n","protected":false},"excerpt":{"rendered":"<p>Il est r\u00e9alisable sur d&rsquo;autres mod\u00e8les de clous aussi.<\/p>\n","protected":false},"featured_media":4493,"template":"","meta":{"_acf_changed":false},"product_brand":[],"product_cat":[130],"product_tag":[],"class_list":{"0":"post-4495","1":"product","2":"type-product","3":"status-publish","4":"has-post-thumbnail","6":"product_cat-effets-et-traitements","8":"first","9":"instock","10":"shipping-taxable","11":"product-type-simple"},"acf":[],"yoast_head":"<!-- This site is optimized with the Yoast SEO plugin v26.8 - https:\/\/yoast.com\/product\/yoast-seo-wordpress\/ -->\n<title>Clou \u00e0 rays travaill\u00e9s avec diamants | Modimex<\/title>\n<meta name=\"robots\" content=\"index, follow, max-snippet:-1, max-image-preview:large, max-video-preview:-1\" \/>\n<link rel=\"canonical\" href=\"https:\/\/www.modimex.it\/fr\/prodotto\/clou-a-rays-travailles-avec-diamants\/\" \/>\n<meta property=\"og:locale\" content=\"fr_FR\" \/>\n<meta property=\"og:type\" content=\"article\" \/>\n<meta property=\"og:title\" content=\"Clou \u00e0 rays travaill\u00e9s avec diamants | Modimex\" \/>\n<meta property=\"og:description\" content=\"Il est r\u00e9alisable sur d&rsquo;autres mod\u00e8les de clous aussi.\" \/>\n<meta property=\"og:url\" content=\"https:\/\/www.modimex.it\/fr\/prodotto\/clou-a-rays-travailles-avec-diamants\/\" \/>\n<meta property=\"og:site_name\" content=\"Modimex\" \/>\n<meta property=\"article:modified_time\" content=\"2016-11-22T11:58:48+00:00\" \/>\n<meta property=\"og:image\" content=\"https:\/\/www.modimex.it\/wp-content\/uploads\/2016\/10\/LASER-RAGGI-WEB.jpg\" \/>\n\t<meta property=\"og:image:width\" content=\"1000\" \/>\n\t<meta property=\"og:image:height\" content=\"667\" \/>\n\t<meta property=\"og:image:type\" content=\"image\/jpeg\" \/>\n<script type=\"application\/ld+json\" class=\"yoast-schema-graph\">{\"@context\":\"https:\/\/schema.org\",\"@graph\":[{\"@type\":\"WebPage\",\"@id\":\"https:\/\/www.modimex.it\/fr\/prodotto\/clou-a-rays-travailles-avec-diamants\/\",\"url\":\"https:\/\/www.modimex.it\/fr\/prodotto\/clou-a-rays-travailles-avec-diamants\/\",\"name\":\"Clou \u00e0 rays travaill\u00e9s avec diamants | Modimex\",\"isPartOf\":{\"@id\":\"https:\/\/www.modimex.it\/#website\"},\"primaryImageOfPage\":{\"@id\":\"https:\/\/www.modimex.it\/fr\/prodotto\/clou-a-rays-travailles-avec-diamants\/#primaryimage\"},\"image\":{\"@id\":\"https:\/\/www.modimex.it\/fr\/prodotto\/clou-a-rays-travailles-avec-diamants\/#primaryimage\"},\"thumbnailUrl\":\"https:\/\/www.modimex.it\/wp-content\/uploads\/2016\/10\/LASER-RAGGI-WEB.jpg\",\"datePublished\":\"2016-10-25T09:56:40+00:00\",\"dateModified\":\"2016-11-22T11:58:48+00:00\",\"breadcrumb\":{\"@id\":\"https:\/\/www.modimex.it\/fr\/prodotto\/clou-a-rays-travailles-avec-diamants\/#breadcrumb\"},\"inLanguage\":\"fr-FR\",\"potentialAction\":[{\"@type\":\"ReadAction\",\"target\":[\"https:\/\/www.modimex.it\/fr\/prodotto\/clou-a-rays-travailles-avec-diamants\/\"]}]},{\"@type\":\"ImageObject\",\"inLanguage\":\"fr-FR\",\"@id\":\"https:\/\/www.modimex.it\/fr\/prodotto\/clou-a-rays-travailles-avec-diamants\/#primaryimage\",\"url\":\"https:\/\/www.modimex.it\/wp-content\/uploads\/2016\/10\/LASER-RAGGI-WEB.jpg\",\"contentUrl\":\"https:\/\/www.modimex.it\/wp-content\/uploads\/2016\/10\/LASER-RAGGI-WEB.jpg\",\"width\":1000,\"height\":667},{\"@type\":\"BreadcrumbList\",\"@id\":\"https:\/\/www.modimex.it\/fr\/prodotto\/clou-a-rays-travailles-avec-diamants\/#breadcrumb\",\"itemListElement\":[{\"@type\":\"ListItem\",\"position\":1,\"name\":\"Home\",\"item\":\"https:\/\/www.modimex.it\/fr\/\"},{\"@type\":\"ListItem\",\"position\":2,\"name\":\"Catalogue\",\"item\":\"https:\/\/www.modimex.it\/prodotti-modimex\/\"},{\"@type\":\"ListItem\",\"position\":3,\"name\":\"Clou \u00e0 rays travaill\u00e9s avec diamants\"}]},{\"@type\":\"WebSite\",\"@id\":\"https:\/\/www.modimex.it\/#website\",\"url\":\"https:\/\/www.modimex.it\/\",\"name\":\"Modimex\",\"description\":\"Modimex Accessori srl\",\"publisher\":{\"@id\":\"https:\/\/www.modimex.it\/#organization\"},\"potentialAction\":[{\"@type\":\"SearchAction\",\"target\":{\"@type\":\"EntryPoint\",\"urlTemplate\":\"https:\/\/www.modimex.it\/?s={search_term_string}\"},\"query-input\":{\"@type\":\"PropertyValueSpecification\",\"valueRequired\":true,\"valueName\":\"search_term_string\"}}],\"inLanguage\":\"fr-FR\"},{\"@type\":\"Organization\",\"@id\":\"https:\/\/www.modimex.it\/#organization\",\"name\":\"Modimex Accessori Srl\",\"url\":\"https:\/\/www.modimex.it\/\",\"logo\":{\"@type\":\"ImageObject\",\"inLanguage\":\"fr-FR\",\"@id\":\"https:\/\/www.modimex.it\/#\/schema\/logo\/image\/\",\"url\":\"https:\/\/www.modimex.it\/wp-content\/uploads\/2019\/03\/cropped-Logo-MODIMEX-Accessori.png\",\"contentUrl\":\"https:\/\/www.modimex.it\/wp-content\/uploads\/2019\/03\/cropped-Logo-MODIMEX-Accessori.png\",\"width\":512,\"height\":512,\"caption\":\"Modimex Accessori Srl\"},\"image\":{\"@id\":\"https:\/\/www.modimex.it\/#\/schema\/logo\/image\/\"}}]}<\/script>\n<!-- \/ Yoast SEO plugin. -->","yoast_head_json":{"title":"Clou \u00e0 rays travaill\u00e9s avec diamants | Modimex","robots":{"index":"index","follow":"follow","max-snippet":"max-snippet:-1","max-image-preview":"max-image-preview:large","max-video-preview":"max-video-preview:-1"},"canonical":"https:\/\/www.modimex.it\/fr\/prodotto\/clou-a-rays-travailles-avec-diamants\/","og_locale":"fr_FR","og_type":"article","og_title":"Clou \u00e0 rays travaill\u00e9s avec diamants | Modimex","og_description":"Il est r\u00e9alisable sur d&rsquo;autres mod\u00e8les de clous aussi.","og_url":"https:\/\/www.modimex.it\/fr\/prodotto\/clou-a-rays-travailles-avec-diamants\/","og_site_name":"Modimex","article_modified_time":"2016-11-22T11:58:48+00:00","og_image":[{"width":1000,"height":667,"url":"https:\/\/www.modimex.it\/wp-content\/uploads\/2016\/10\/LASER-RAGGI-WEB.jpg","type":"image\/jpeg"}],"schema":{"@context":"https:\/\/schema.org","@graph":[{"@type":"WebPage","@id":"https:\/\/www.modimex.it\/fr\/prodotto\/clou-a-rays-travailles-avec-diamants\/","url":"https:\/\/www.modimex.it\/fr\/prodotto\/clou-a-rays-travailles-avec-diamants\/","name":"Clou \u00e0 rays travaill\u00e9s avec diamants | Modimex","isPartOf":{"@id":"https:\/\/www.modimex.it\/#website"},"primaryImageOfPage":{"@id":"https:\/\/www.modimex.it\/fr\/prodotto\/clou-a-rays-travailles-avec-diamants\/#primaryimage"},"image":{"@id":"https:\/\/www.modimex.it\/fr\/prodotto\/clou-a-rays-travailles-avec-diamants\/#primaryimage"},"thumbnailUrl":"https:\/\/www.modimex.it\/wp-content\/uploads\/2016\/10\/LASER-RAGGI-WEB.jpg","datePublished":"2016-10-25T09:56:40+00:00","dateModified":"2016-11-22T11:58:48+00:00","breadcrumb":{"@id":"https:\/\/www.modimex.it\/fr\/prodotto\/clou-a-rays-travailles-avec-diamants\/#breadcrumb"},"inLanguage":"fr-FR","potentialAction":[{"@type":"ReadAction","target":["https:\/\/www.modimex.it\/fr\/prodotto\/clou-a-rays-travailles-avec-diamants\/"]}]},{"@type":"ImageObject","inLanguage":"fr-FR","@id":"https:\/\/www.modimex.it\/fr\/prodotto\/clou-a-rays-travailles-avec-diamants\/#primaryimage","url":"https:\/\/www.modimex.it\/wp-content\/uploads\/2016\/10\/LASER-RAGGI-WEB.jpg","contentUrl":"https:\/\/www.modimex.it\/wp-content\/uploads\/2016\/10\/LASER-RAGGI-WEB.jpg","width":1000,"height":667},{"@type":"BreadcrumbList","@id":"https:\/\/www.modimex.it\/fr\/prodotto\/clou-a-rays-travailles-avec-diamants\/#breadcrumb","itemListElement":[{"@type":"ListItem","position":1,"name":"Home","item":"https:\/\/www.modimex.it\/fr\/"},{"@type":"ListItem","position":2,"name":"Catalogue","item":"https:\/\/www.modimex.it\/prodotti-modimex\/"},{"@type":"ListItem","position":3,"name":"Clou \u00e0 rays travaill\u00e9s avec diamants"}]},{"@type":"WebSite","@id":"https:\/\/www.modimex.it\/#website","url":"https:\/\/www.modimex.it\/","name":"Modimex","description":"Modimex Accessori srl","publisher":{"@id":"https:\/\/www.modimex.it\/#organization"},"potentialAction":[{"@type":"SearchAction","target":{"@type":"EntryPoint","urlTemplate":"https:\/\/www.modimex.it\/?s={search_term_string}"},"query-input":{"@type":"PropertyValueSpecification","valueRequired":true,"valueName":"search_term_string"}}],"inLanguage":"fr-FR"},{"@type":"Organization","@id":"https:\/\/www.modimex.it\/#organization","name":"Modimex Accessori Srl","url":"https:\/\/www.modimex.it\/","logo":{"@type":"ImageObject","inLanguage":"fr-FR","@id":"https:\/\/www.modimex.it\/#\/schema\/logo\/image\/","url":"https:\/\/www.modimex.it\/wp-content\/uploads\/2019\/03\/cropped-Logo-MODIMEX-Accessori.png","contentUrl":"https:\/\/www.modimex.it\/wp-content\/uploads\/2019\/03\/cropped-Logo-MODIMEX-Accessori.png","width":512,"height":512,"caption":"Modimex Accessori Srl"},"image":{"@id":"https:\/\/www.modimex.it\/#\/schema\/logo\/image\/"}}]}},"_links":{"self":[{"href":"https:\/\/www.modimex.it\/fr\/wp-json\/wp\/v2\/product\/4495","targetHints":{"allow":["GET"]}}],"collection":[{"href":"https:\/\/www.modimex.it\/fr\/wp-json\/wp\/v2\/product"}],"about":[{"href":"https:\/\/www.modimex.it\/fr\/wp-json\/wp\/v2\/types\/product"}],"wp:featuredmedia":[{"embeddable":true,"href":"https:\/\/www.modimex.it\/fr\/wp-json\/wp\/v2\/media\/4493"}],"wp:attachment":[{"href":"https:\/\/www.modimex.it\/fr\/wp-json\/wp\/v2\/media?parent=4495"}],"wp:term":[{"taxonomy":"product_brand","embeddable":true,"href":"https:\/\/www.modimex.it\/fr\/wp-json\/wp\/v2\/product_brand?post=4495"},{"taxonomy":"product_cat","embeddable":true,"href":"https:\/\/www.modimex.it\/fr\/wp-json\/wp\/v2\/product_cat?post=4495"},{"taxonomy":"product_tag","embeddable":true,"href":"https:\/\/www.modimex.it\/fr\/wp-json\/wp\/v2\/product_tag?post=4495"}],"curies":[{"name":"wp","href":"https:\/\/api.w.org\/{rel}","templated":true}]}}