{"id":2758,"date":"2016-09-13T11:09:17","date_gmt":"2016-09-13T09:09:17","guid":{"rendered":"http:\/\/www.modimex.it\/fr\/product\/occhielli-a-doppia-testa\/"},"modified":"2016-10-12T18:12:24","modified_gmt":"2016-10-12T16:12:24","slug":"occhielli-a-doppia-testa","status":"publish","type":"product","link":"https:\/\/www.modimex.it\/fr\/produit\/occhielli-a-doppia-testa\/","title":{"rendered":"Oeillets \u00e0 T\u00eate double"},"content":{"rendered":"<p>Disponibles bomb\u00e9s ou plats .<\/p>\n<p>Bomb\u00e9s :<\/p>\n<p>OCDF03022 mm 4.0\/ 9.4<br \/>\nOCDF07022 mm 6.2\/13.0<br \/>\nOCDF08022 mm 8.1\/14.8<br \/>\nOCDF09022 mm 9.5\/18.5<br \/>\nOCDF 1022 mm 12.0\/22.5<\/p>\n<p>Plats :<\/p>\n<p>OCDF0302P mm 4.0\/ 9.4<br \/>\nOCDF0702P mm 6.2\/13.0<br \/>\nOCDF0802P mm 8.1\/14.8<br \/>\nOCDF0902P mm 9.5\/18.5<br \/>\nOCDF1002P mm 12.0\/22.5<br \/>\nOCDF1502P mm 14.0\/25.5Disponibles bomb\u00e9s ou plats .<\/p>\n","protected":false},"excerpt":{"rendered":"<p>Disponibles bomb\u00e9s ou plats . Bomb\u00e9s : OCDF03022 mm 4.0\/ 9.4 OCDF07022 mm 6.2\/13.0 OCDF08022 mm 8.1\/14.8 OCDF09022 mm 9.5\/18.5 OCDF 1022 mm 12.0\/22.5 Plats : OCDF0302P mm 4.0\/ 9.4 OCDF0702P mm 6.2\/13.0 OCDF0802P mm 8.1\/14.8 OCDF0902P mm 9.5\/18.5 OCDF1002P mm 12.0\/22.5 OCDF1502P mm 14.0\/25.5Disponibles bomb\u00e9s ou plats .<\/p>\n","protected":false},"featured_media":3285,"template":"","meta":{"_acf_changed":false},"product_brand":[],"product_cat":[99],"product_tag":[],"class_list":{"0":"post-2758","1":"product","2":"type-product","3":"status-publish","4":"has-post-thumbnail","6":"product_cat-oeillets","8":"first","9":"instock","10":"shipping-taxable","11":"product-type-simple"},"acf":[],"yoast_head":"<!-- This site is optimized with the Yoast SEO plugin v26.8 - https:\/\/yoast.com\/product\/yoast-seo-wordpress\/ -->\n<title>Oeillets \u00e0 T\u00eate double | Modimex<\/title>\n<meta name=\"robots\" content=\"index, follow, max-snippet:-1, max-image-preview:large, max-video-preview:-1\" \/>\n<link rel=\"canonical\" href=\"https:\/\/www.modimex.it\/fr\/produit\/occhielli-a-doppia-testa\/\" \/>\n<meta property=\"og:locale\" content=\"fr_FR\" \/>\n<meta property=\"og:type\" content=\"article\" \/>\n<meta property=\"og:title\" content=\"Oeillets \u00e0 T\u00eate double | Modimex\" \/>\n<meta property=\"og:description\" content=\"Disponibles bomb\u00e9s ou plats . Bomb\u00e9s : OCDF03022 mm 4.0\/ 9.4 OCDF07022 mm 6.2\/13.0 OCDF08022 mm 8.1\/14.8 OCDF09022 mm 9.5\/18.5 OCDF 1022 mm 12.0\/22.5 Plats : OCDF0302P mm 4.0\/ 9.4 OCDF0702P mm 6.2\/13.0 OCDF0802P mm 8.1\/14.8 OCDF0902P mm 9.5\/18.5 OCDF1002P mm 12.0\/22.5 OCDF1502P mm 14.0\/25.5Disponibles bomb\u00e9s ou plats .\" \/>\n<meta property=\"og:url\" content=\"https:\/\/www.modimex.it\/fr\/produit\/occhielli-a-doppia-testa\/\" \/>\n<meta property=\"og:site_name\" content=\"Modimex\" \/>\n<meta property=\"article:modified_time\" content=\"2016-10-12T16:12:24+00:00\" \/>\n<meta property=\"og:image\" content=\"https:\/\/www.modimex.it\/wp-content\/uploads\/2016\/09\/OCDF.jpg\" \/>\n\t<meta property=\"og:image:width\" content=\"1000\" \/>\n\t<meta property=\"og:image:height\" content=\"667\" \/>\n\t<meta property=\"og:image:type\" content=\"image\/jpeg\" \/>\n<script type=\"application\/ld+json\" class=\"yoast-schema-graph\">{\"@context\":\"https:\/\/schema.org\",\"@graph\":[{\"@type\":\"WebPage\",\"@id\":\"https:\/\/www.modimex.it\/fr\/produit\/occhielli-a-doppia-testa\/\",\"url\":\"https:\/\/www.modimex.it\/fr\/produit\/occhielli-a-doppia-testa\/\",\"name\":\"Oeillets \u00e0 T\u00eate double | Modimex\",\"isPartOf\":{\"@id\":\"https:\/\/www.modimex.it\/#website\"},\"primaryImageOfPage\":{\"@id\":\"https:\/\/www.modimex.it\/fr\/produit\/occhielli-a-doppia-testa\/#primaryimage\"},\"image\":{\"@id\":\"https:\/\/www.modimex.it\/fr\/produit\/occhielli-a-doppia-testa\/#primaryimage\"},\"thumbnailUrl\":\"https:\/\/www.modimex.it\/wp-content\/uploads\/2016\/09\/OCDF.jpg\",\"datePublished\":\"2016-09-13T09:09:17+00:00\",\"dateModified\":\"2016-10-12T16:12:24+00:00\",\"breadcrumb\":{\"@id\":\"https:\/\/www.modimex.it\/fr\/produit\/occhielli-a-doppia-testa\/#breadcrumb\"},\"inLanguage\":\"fr-FR\",\"potentialAction\":[{\"@type\":\"ReadAction\",\"target\":[\"https:\/\/www.modimex.it\/fr\/produit\/occhielli-a-doppia-testa\/\"]}]},{\"@type\":\"ImageObject\",\"inLanguage\":\"fr-FR\",\"@id\":\"https:\/\/www.modimex.it\/fr\/produit\/occhielli-a-doppia-testa\/#primaryimage\",\"url\":\"https:\/\/www.modimex.it\/wp-content\/uploads\/2016\/09\/OCDF.jpg\",\"contentUrl\":\"https:\/\/www.modimex.it\/wp-content\/uploads\/2016\/09\/OCDF.jpg\",\"width\":1000,\"height\":667},{\"@type\":\"BreadcrumbList\",\"@id\":\"https:\/\/www.modimex.it\/fr\/produit\/occhielli-a-doppia-testa\/#breadcrumb\",\"itemListElement\":[{\"@type\":\"ListItem\",\"position\":1,\"name\":\"Home\",\"item\":\"https:\/\/www.modimex.it\/fr\/\"},{\"@type\":\"ListItem\",\"position\":2,\"name\":\"Catalogue\",\"item\":\"https:\/\/www.modimex.it\/prodotti-modimex\/\"},{\"@type\":\"ListItem\",\"position\":3,\"name\":\"Oeillets \u00e0 T\u00eate double\"}]},{\"@type\":\"WebSite\",\"@id\":\"https:\/\/www.modimex.it\/#website\",\"url\":\"https:\/\/www.modimex.it\/\",\"name\":\"Modimex\",\"description\":\"Modimex Accessori srl\",\"publisher\":{\"@id\":\"https:\/\/www.modimex.it\/#organization\"},\"potentialAction\":[{\"@type\":\"SearchAction\",\"target\":{\"@type\":\"EntryPoint\",\"urlTemplate\":\"https:\/\/www.modimex.it\/?s={search_term_string}\"},\"query-input\":{\"@type\":\"PropertyValueSpecification\",\"valueRequired\":true,\"valueName\":\"search_term_string\"}}],\"inLanguage\":\"fr-FR\"},{\"@type\":\"Organization\",\"@id\":\"https:\/\/www.modimex.it\/#organization\",\"name\":\"Modimex Accessori Srl\",\"url\":\"https:\/\/www.modimex.it\/\",\"logo\":{\"@type\":\"ImageObject\",\"inLanguage\":\"fr-FR\",\"@id\":\"https:\/\/www.modimex.it\/#\/schema\/logo\/image\/\",\"url\":\"https:\/\/www.modimex.it\/wp-content\/uploads\/2019\/03\/cropped-Logo-MODIMEX-Accessori.png\",\"contentUrl\":\"https:\/\/www.modimex.it\/wp-content\/uploads\/2019\/03\/cropped-Logo-MODIMEX-Accessori.png\",\"width\":512,\"height\":512,\"caption\":\"Modimex Accessori Srl\"},\"image\":{\"@id\":\"https:\/\/www.modimex.it\/#\/schema\/logo\/image\/\"}}]}<\/script>\n<!-- \/ Yoast SEO plugin. -->","yoast_head_json":{"title":"Oeillets \u00e0 T\u00eate double | Modimex","robots":{"index":"index","follow":"follow","max-snippet":"max-snippet:-1","max-image-preview":"max-image-preview:large","max-video-preview":"max-video-preview:-1"},"canonical":"https:\/\/www.modimex.it\/fr\/produit\/occhielli-a-doppia-testa\/","og_locale":"fr_FR","og_type":"article","og_title":"Oeillets \u00e0 T\u00eate double | Modimex","og_description":"Disponibles bomb\u00e9s ou plats . Bomb\u00e9s : OCDF03022 mm 4.0\/ 9.4 OCDF07022 mm 6.2\/13.0 OCDF08022 mm 8.1\/14.8 OCDF09022 mm 9.5\/18.5 OCDF 1022 mm 12.0\/22.5 Plats : OCDF0302P mm 4.0\/ 9.4 OCDF0702P mm 6.2\/13.0 OCDF0802P mm 8.1\/14.8 OCDF0902P mm 9.5\/18.5 OCDF1002P mm 12.0\/22.5 OCDF1502P mm 14.0\/25.5Disponibles bomb\u00e9s ou plats .","og_url":"https:\/\/www.modimex.it\/fr\/produit\/occhielli-a-doppia-testa\/","og_site_name":"Modimex","article_modified_time":"2016-10-12T16:12:24+00:00","og_image":[{"width":1000,"height":667,"url":"https:\/\/www.modimex.it\/wp-content\/uploads\/2016\/09\/OCDF.jpg","type":"image\/jpeg"}],"schema":{"@context":"https:\/\/schema.org","@graph":[{"@type":"WebPage","@id":"https:\/\/www.modimex.it\/fr\/produit\/occhielli-a-doppia-testa\/","url":"https:\/\/www.modimex.it\/fr\/produit\/occhielli-a-doppia-testa\/","name":"Oeillets \u00e0 T\u00eate double | Modimex","isPartOf":{"@id":"https:\/\/www.modimex.it\/#website"},"primaryImageOfPage":{"@id":"https:\/\/www.modimex.it\/fr\/produit\/occhielli-a-doppia-testa\/#primaryimage"},"image":{"@id":"https:\/\/www.modimex.it\/fr\/produit\/occhielli-a-doppia-testa\/#primaryimage"},"thumbnailUrl":"https:\/\/www.modimex.it\/wp-content\/uploads\/2016\/09\/OCDF.jpg","datePublished":"2016-09-13T09:09:17+00:00","dateModified":"2016-10-12T16:12:24+00:00","breadcrumb":{"@id":"https:\/\/www.modimex.it\/fr\/produit\/occhielli-a-doppia-testa\/#breadcrumb"},"inLanguage":"fr-FR","potentialAction":[{"@type":"ReadAction","target":["https:\/\/www.modimex.it\/fr\/produit\/occhielli-a-doppia-testa\/"]}]},{"@type":"ImageObject","inLanguage":"fr-FR","@id":"https:\/\/www.modimex.it\/fr\/produit\/occhielli-a-doppia-testa\/#primaryimage","url":"https:\/\/www.modimex.it\/wp-content\/uploads\/2016\/09\/OCDF.jpg","contentUrl":"https:\/\/www.modimex.it\/wp-content\/uploads\/2016\/09\/OCDF.jpg","width":1000,"height":667},{"@type":"BreadcrumbList","@id":"https:\/\/www.modimex.it\/fr\/produit\/occhielli-a-doppia-testa\/#breadcrumb","itemListElement":[{"@type":"ListItem","position":1,"name":"Home","item":"https:\/\/www.modimex.it\/fr\/"},{"@type":"ListItem","position":2,"name":"Catalogue","item":"https:\/\/www.modimex.it\/prodotti-modimex\/"},{"@type":"ListItem","position":3,"name":"Oeillets \u00e0 T\u00eate double"}]},{"@type":"WebSite","@id":"https:\/\/www.modimex.it\/#website","url":"https:\/\/www.modimex.it\/","name":"Modimex","description":"Modimex Accessori srl","publisher":{"@id":"https:\/\/www.modimex.it\/#organization"},"potentialAction":[{"@type":"SearchAction","target":{"@type":"EntryPoint","urlTemplate":"https:\/\/www.modimex.it\/?s={search_term_string}"},"query-input":{"@type":"PropertyValueSpecification","valueRequired":true,"valueName":"search_term_string"}}],"inLanguage":"fr-FR"},{"@type":"Organization","@id":"https:\/\/www.modimex.it\/#organization","name":"Modimex Accessori Srl","url":"https:\/\/www.modimex.it\/","logo":{"@type":"ImageObject","inLanguage":"fr-FR","@id":"https:\/\/www.modimex.it\/#\/schema\/logo\/image\/","url":"https:\/\/www.modimex.it\/wp-content\/uploads\/2019\/03\/cropped-Logo-MODIMEX-Accessori.png","contentUrl":"https:\/\/www.modimex.it\/wp-content\/uploads\/2019\/03\/cropped-Logo-MODIMEX-Accessori.png","width":512,"height":512,"caption":"Modimex Accessori Srl"},"image":{"@id":"https:\/\/www.modimex.it\/#\/schema\/logo\/image\/"}}]}},"_links":{"self":[{"href":"https:\/\/www.modimex.it\/fr\/wp-json\/wp\/v2\/product\/2758","targetHints":{"allow":["GET"]}}],"collection":[{"href":"https:\/\/www.modimex.it\/fr\/wp-json\/wp\/v2\/product"}],"about":[{"href":"https:\/\/www.modimex.it\/fr\/wp-json\/wp\/v2\/types\/product"}],"wp:featuredmedia":[{"embeddable":true,"href":"https:\/\/www.modimex.it\/fr\/wp-json\/wp\/v2\/media\/3285"}],"wp:attachment":[{"href":"https:\/\/www.modimex.it\/fr\/wp-json\/wp\/v2\/media?parent=2758"}],"wp:term":[{"taxonomy":"product_brand","embeddable":true,"href":"https:\/\/www.modimex.it\/fr\/wp-json\/wp\/v2\/product_brand?post=2758"},{"taxonomy":"product_cat","embeddable":true,"href":"https:\/\/www.modimex.it\/fr\/wp-json\/wp\/v2\/product_cat?post=2758"},{"taxonomy":"product_tag","embeddable":true,"href":"https:\/\/www.modimex.it\/fr\/wp-json\/wp\/v2\/product_tag?post=2758"}],"curies":[{"name":"wp","href":"https:\/\/api.w.org\/{rel}","templated":true}]}}