{"id":1904,"date":"2016-09-12T12:54:51","date_gmt":"2016-09-12T10:54:51","guid":{"rendered":"http:\/\/www.modimex.it\/fr\/product\/strass-tiffany-termoadesivi\/"},"modified":"2016-12-13T13:49:23","modified_gmt":"2016-12-13T12:49:23","slug":"strass-tiffany-termoadesivi","status":"publish","type":"product","link":"https:\/\/www.modimex.it\/fr\/produit\/strass-tiffany-termoadesivi\/","title":{"rendered":"Strass Tiffany Thermo-adh\u00e9sif"},"content":{"rendered":"<p>Disponibles dans la mesure 5.5 mm.<\/p>\n<p>Sur d\u00e9mande nous pouvons produire le mes. 4.5 e 8 mm.<\/p>\n<p><span class=\"alt-edited\" tabindex=\"-1\">Voir le dossier de<\/span> <span class=\"\">pdf<\/span> pour plus de d\u00e9tails de couleur.<\/p>\n<p>&nbsp;<\/p>\n","protected":false},"excerpt":{"rendered":"<p>Disponibles dans la mesure 5.5 mm. Sur d\u00e9mande nous pouvons produire le mes. 4.5 e 8 mm. Voir le dossier de pdf pour plus de d\u00e9tails de couleur. &nbsp;<\/p>\n","protected":false},"featured_media":1899,"template":"","meta":{"_acf_changed":false},"product_brand":[],"product_cat":[194,97],"product_tag":[],"class_list":{"0":"post-1904","1":"product","2":"type-product","3":"status-publish","4":"has-post-thumbnail","6":"product_cat-strass-thermo-adhesives","7":"product_cat-thermo-adhesives","9":"first","10":"instock","11":"shipping-taxable","12":"product-type-simple"},"acf":[],"yoast_head":"<!-- This site is optimized with the Yoast SEO plugin v26.8 - https:\/\/yoast.com\/product\/yoast-seo-wordpress\/ -->\n<title>Strass Tiffany Thermo-adh\u00e9sif | Modimex<\/title>\n<meta name=\"robots\" content=\"index, follow, max-snippet:-1, max-image-preview:large, max-video-preview:-1\" \/>\n<link rel=\"canonical\" href=\"https:\/\/www.modimex.it\/fr\/prodotto\/strass-tiffany-termoadesivi\/\" \/>\n<meta property=\"og:locale\" content=\"fr_FR\" \/>\n<meta property=\"og:type\" content=\"article\" \/>\n<meta property=\"og:title\" content=\"Strass Tiffany Thermo-adh\u00e9sif | Modimex\" \/>\n<meta property=\"og:description\" content=\"Disponibles dans la mesure 5.5 mm. Sur d\u00e9mande nous pouvons produire le mes. 4.5 e 8 mm. Voir le dossier de pdf pour plus de d\u00e9tails de couleur. &nbsp;\" \/>\n<meta property=\"og:url\" content=\"https:\/\/www.modimex.it\/fr\/prodotto\/strass-tiffany-termoadesivi\/\" \/>\n<meta property=\"og:site_name\" content=\"Modimex\" \/>\n<meta property=\"article:modified_time\" content=\"2016-12-13T12:49:23+00:00\" \/>\n<meta property=\"og:image\" content=\"https:\/\/www.modimex.it\/wp-content\/uploads\/2016\/09\/33_strassthdfmontati.jpg\" \/>\n\t<meta property=\"og:image:width\" content=\"1000\" \/>\n\t<meta property=\"og:image:height\" content=\"667\" \/>\n\t<meta property=\"og:image:type\" content=\"image\/jpeg\" \/>\n<script type=\"application\/ld+json\" class=\"yoast-schema-graph\">{\"@context\":\"https:\/\/schema.org\",\"@graph\":[{\"@type\":\"WebPage\",\"@id\":\"https:\/\/www.modimex.it\/fr\/prodotto\/strass-tiffany-termoadesivi\/\",\"url\":\"https:\/\/www.modimex.it\/fr\/prodotto\/strass-tiffany-termoadesivi\/\",\"name\":\"Strass Tiffany Thermo-adh\u00e9sif | Modimex\",\"isPartOf\":{\"@id\":\"https:\/\/www.modimex.it\/#website\"},\"primaryImageOfPage\":{\"@id\":\"https:\/\/www.modimex.it\/fr\/prodotto\/strass-tiffany-termoadesivi\/#primaryimage\"},\"image\":{\"@id\":\"https:\/\/www.modimex.it\/fr\/prodotto\/strass-tiffany-termoadesivi\/#primaryimage\"},\"thumbnailUrl\":\"https:\/\/www.modimex.it\/wp-content\/uploads\/2016\/09\/33_strassthdfmontati.jpg\",\"datePublished\":\"2016-09-12T10:54:51+00:00\",\"dateModified\":\"2016-12-13T12:49:23+00:00\",\"breadcrumb\":{\"@id\":\"https:\/\/www.modimex.it\/fr\/prodotto\/strass-tiffany-termoadesivi\/#breadcrumb\"},\"inLanguage\":\"fr-FR\",\"potentialAction\":[{\"@type\":\"ReadAction\",\"target\":[\"https:\/\/www.modimex.it\/fr\/prodotto\/strass-tiffany-termoadesivi\/\"]}]},{\"@type\":\"ImageObject\",\"inLanguage\":\"fr-FR\",\"@id\":\"https:\/\/www.modimex.it\/fr\/prodotto\/strass-tiffany-termoadesivi\/#primaryimage\",\"url\":\"https:\/\/www.modimex.it\/wp-content\/uploads\/2016\/09\/33_strassthdfmontati.jpg\",\"contentUrl\":\"https:\/\/www.modimex.it\/wp-content\/uploads\/2016\/09\/33_strassthdfmontati.jpg\",\"width\":1000,\"height\":667},{\"@type\":\"BreadcrumbList\",\"@id\":\"https:\/\/www.modimex.it\/fr\/prodotto\/strass-tiffany-termoadesivi\/#breadcrumb\",\"itemListElement\":[{\"@type\":\"ListItem\",\"position\":1,\"name\":\"Home\",\"item\":\"https:\/\/www.modimex.it\/fr\/\"},{\"@type\":\"ListItem\",\"position\":2,\"name\":\"Catalogue\",\"item\":\"https:\/\/www.modimex.it\/prodotti-modimex\/\"},{\"@type\":\"ListItem\",\"position\":3,\"name\":\"Strass Tiffany Thermo-adh\u00e9sif\"}]},{\"@type\":\"WebSite\",\"@id\":\"https:\/\/www.modimex.it\/#website\",\"url\":\"https:\/\/www.modimex.it\/\",\"name\":\"Modimex\",\"description\":\"Modimex Accessori srl\",\"publisher\":{\"@id\":\"https:\/\/www.modimex.it\/#organization\"},\"potentialAction\":[{\"@type\":\"SearchAction\",\"target\":{\"@type\":\"EntryPoint\",\"urlTemplate\":\"https:\/\/www.modimex.it\/?s={search_term_string}\"},\"query-input\":{\"@type\":\"PropertyValueSpecification\",\"valueRequired\":true,\"valueName\":\"search_term_string\"}}],\"inLanguage\":\"fr-FR\"},{\"@type\":\"Organization\",\"@id\":\"https:\/\/www.modimex.it\/#organization\",\"name\":\"Modimex Accessori Srl\",\"url\":\"https:\/\/www.modimex.it\/\",\"logo\":{\"@type\":\"ImageObject\",\"inLanguage\":\"fr-FR\",\"@id\":\"https:\/\/www.modimex.it\/#\/schema\/logo\/image\/\",\"url\":\"https:\/\/www.modimex.it\/wp-content\/uploads\/2019\/03\/cropped-Logo-MODIMEX-Accessori.png\",\"contentUrl\":\"https:\/\/www.modimex.it\/wp-content\/uploads\/2019\/03\/cropped-Logo-MODIMEX-Accessori.png\",\"width\":512,\"height\":512,\"caption\":\"Modimex Accessori Srl\"},\"image\":{\"@id\":\"https:\/\/www.modimex.it\/#\/schema\/logo\/image\/\"}}]}<\/script>\n<!-- \/ Yoast SEO plugin. -->","yoast_head_json":{"title":"Strass Tiffany Thermo-adh\u00e9sif | Modimex","robots":{"index":"index","follow":"follow","max-snippet":"max-snippet:-1","max-image-preview":"max-image-preview:large","max-video-preview":"max-video-preview:-1"},"canonical":"https:\/\/www.modimex.it\/fr\/prodotto\/strass-tiffany-termoadesivi\/","og_locale":"fr_FR","og_type":"article","og_title":"Strass Tiffany Thermo-adh\u00e9sif | Modimex","og_description":"Disponibles dans la mesure 5.5 mm. Sur d\u00e9mande nous pouvons produire le mes. 4.5 e 8 mm. Voir le dossier de pdf pour plus de d\u00e9tails de couleur. &nbsp;","og_url":"https:\/\/www.modimex.it\/fr\/prodotto\/strass-tiffany-termoadesivi\/","og_site_name":"Modimex","article_modified_time":"2016-12-13T12:49:23+00:00","og_image":[{"width":1000,"height":667,"url":"https:\/\/www.modimex.it\/wp-content\/uploads\/2016\/09\/33_strassthdfmontati.jpg","type":"image\/jpeg"}],"schema":{"@context":"https:\/\/schema.org","@graph":[{"@type":"WebPage","@id":"https:\/\/www.modimex.it\/fr\/prodotto\/strass-tiffany-termoadesivi\/","url":"https:\/\/www.modimex.it\/fr\/prodotto\/strass-tiffany-termoadesivi\/","name":"Strass Tiffany Thermo-adh\u00e9sif | Modimex","isPartOf":{"@id":"https:\/\/www.modimex.it\/#website"},"primaryImageOfPage":{"@id":"https:\/\/www.modimex.it\/fr\/prodotto\/strass-tiffany-termoadesivi\/#primaryimage"},"image":{"@id":"https:\/\/www.modimex.it\/fr\/prodotto\/strass-tiffany-termoadesivi\/#primaryimage"},"thumbnailUrl":"https:\/\/www.modimex.it\/wp-content\/uploads\/2016\/09\/33_strassthdfmontati.jpg","datePublished":"2016-09-12T10:54:51+00:00","dateModified":"2016-12-13T12:49:23+00:00","breadcrumb":{"@id":"https:\/\/www.modimex.it\/fr\/prodotto\/strass-tiffany-termoadesivi\/#breadcrumb"},"inLanguage":"fr-FR","potentialAction":[{"@type":"ReadAction","target":["https:\/\/www.modimex.it\/fr\/prodotto\/strass-tiffany-termoadesivi\/"]}]},{"@type":"ImageObject","inLanguage":"fr-FR","@id":"https:\/\/www.modimex.it\/fr\/prodotto\/strass-tiffany-termoadesivi\/#primaryimage","url":"https:\/\/www.modimex.it\/wp-content\/uploads\/2016\/09\/33_strassthdfmontati.jpg","contentUrl":"https:\/\/www.modimex.it\/wp-content\/uploads\/2016\/09\/33_strassthdfmontati.jpg","width":1000,"height":667},{"@type":"BreadcrumbList","@id":"https:\/\/www.modimex.it\/fr\/prodotto\/strass-tiffany-termoadesivi\/#breadcrumb","itemListElement":[{"@type":"ListItem","position":1,"name":"Home","item":"https:\/\/www.modimex.it\/fr\/"},{"@type":"ListItem","position":2,"name":"Catalogue","item":"https:\/\/www.modimex.it\/prodotti-modimex\/"},{"@type":"ListItem","position":3,"name":"Strass Tiffany Thermo-adh\u00e9sif"}]},{"@type":"WebSite","@id":"https:\/\/www.modimex.it\/#website","url":"https:\/\/www.modimex.it\/","name":"Modimex","description":"Modimex Accessori srl","publisher":{"@id":"https:\/\/www.modimex.it\/#organization"},"potentialAction":[{"@type":"SearchAction","target":{"@type":"EntryPoint","urlTemplate":"https:\/\/www.modimex.it\/?s={search_term_string}"},"query-input":{"@type":"PropertyValueSpecification","valueRequired":true,"valueName":"search_term_string"}}],"inLanguage":"fr-FR"},{"@type":"Organization","@id":"https:\/\/www.modimex.it\/#organization","name":"Modimex Accessori Srl","url":"https:\/\/www.modimex.it\/","logo":{"@type":"ImageObject","inLanguage":"fr-FR","@id":"https:\/\/www.modimex.it\/#\/schema\/logo\/image\/","url":"https:\/\/www.modimex.it\/wp-content\/uploads\/2019\/03\/cropped-Logo-MODIMEX-Accessori.png","contentUrl":"https:\/\/www.modimex.it\/wp-content\/uploads\/2019\/03\/cropped-Logo-MODIMEX-Accessori.png","width":512,"height":512,"caption":"Modimex Accessori Srl"},"image":{"@id":"https:\/\/www.modimex.it\/#\/schema\/logo\/image\/"}}]}},"_links":{"self":[{"href":"https:\/\/www.modimex.it\/fr\/wp-json\/wp\/v2\/product\/1904","targetHints":{"allow":["GET"]}}],"collection":[{"href":"https:\/\/www.modimex.it\/fr\/wp-json\/wp\/v2\/product"}],"about":[{"href":"https:\/\/www.modimex.it\/fr\/wp-json\/wp\/v2\/types\/product"}],"wp:featuredmedia":[{"embeddable":true,"href":"https:\/\/www.modimex.it\/fr\/wp-json\/wp\/v2\/media\/1899"}],"wp:attachment":[{"href":"https:\/\/www.modimex.it\/fr\/wp-json\/wp\/v2\/media?parent=1904"}],"wp:term":[{"taxonomy":"product_brand","embeddable":true,"href":"https:\/\/www.modimex.it\/fr\/wp-json\/wp\/v2\/product_brand?post=1904"},{"taxonomy":"product_cat","embeddable":true,"href":"https:\/\/www.modimex.it\/fr\/wp-json\/wp\/v2\/product_cat?post=1904"},{"taxonomy":"product_tag","embeddable":true,"href":"https:\/\/www.modimex.it\/fr\/wp-json\/wp\/v2\/product_tag?post=1904"}],"curies":[{"name":"wp","href":"https:\/\/api.w.org\/{rel}","templated":true}]}}