{"id":1364,"date":"2016-09-12T11:18:16","date_gmt":"2016-09-12T09:18:16","guid":{"rendered":"http:\/\/www.modimex.it\/fr\/product\/2620\/"},"modified":"2021-03-31T18:30:00","modified_gmt":"2021-03-31T16:30:00","slug":"clous-carres-en-pyramide-avec-cote-arrondi","status":"publish","type":"product","link":"https:\/\/www.modimex.it\/fr\/produit\/clous-carres-en-pyramide-avec-cote-arrondi\/","title":{"rendered":"Clous carr\u00e9s en pyramide avec c\u00f4t\u00e9 arrondi"},"content":{"rendered":"<p>Clous carr\u00e9s en pyramide avec c\u00f4t\u00e9 arrondi<br \/>\n<strong><br \/>\nArt. 704     <\/strong>3 x 3 mm<strong><br \/>\nArt. 7030<\/strong>  \u00a0 4 x 4 mm<br \/>\n<strong>Art. 7000<\/strong>  \u00a06,5&#215;6,5 mm<br \/>\n<strong>Art. 7060<\/strong>   \u00a09 x 9 mm<br \/>\n<strong>Art. 2620<\/strong>    12&#215;12 mm<br \/>\n<strong>Art. PYR160<\/strong>  16&#215;16 mm<\/p>\n","protected":false},"excerpt":{"rendered":"<p>Clous carr\u00e9s en pyramide avec c\u00f4t\u00e9 arrondi Art. 704 3 x 3 mm Art. 7030 \u00a0 4 x 4 mm Art. 7000 \u00a06,5&#215;6,5 mm Art. 7060 \u00a09 x 9 mm Art. 2620 12&#215;12 mm Art. PYR160 16&#215;16 mm<\/p>\n","protected":false},"featured_media":4025,"template":"","meta":{"_acf_changed":false},"product_brand":[],"product_cat":[114,111],"product_tag":[],"class_list":{"0":"post-1364","1":"product","2":"type-product","3":"status-publish","4":"has-post-thumbnail","6":"product_cat-cloues","7":"product_cat-carres","9":"first","10":"instock","11":"shipping-taxable","12":"product-type-simple"},"acf":[],"yoast_head":"<!-- This site is optimized with the Yoast SEO plugin v26.8 - https:\/\/yoast.com\/product\/yoast-seo-wordpress\/ -->\n<title>Clous carr\u00e9s en pyramide avec c\u00f4t\u00e9 arrondi | Modimex<\/title>\n<meta name=\"robots\" content=\"index, follow, max-snippet:-1, max-image-preview:large, max-video-preview:-1\" \/>\n<link rel=\"canonical\" href=\"https:\/\/www.modimex.it\/fr\/prodotto\/clous-carres-en-pyramide-avec-cote-arrondi\/\" \/>\n<meta property=\"og:locale\" content=\"fr_FR\" \/>\n<meta property=\"og:type\" content=\"article\" \/>\n<meta property=\"og:title\" content=\"Clous carr\u00e9s en pyramide avec c\u00f4t\u00e9 arrondi | Modimex\" \/>\n<meta property=\"og:description\" content=\"Clous carr\u00e9s en pyramide avec c\u00f4t\u00e9 arrondi Art. 704 3 x 3 mm Art. 7030 \u00a0 4 x 4 mm Art. 7000 \u00a06,5&#215;6,5 mm Art. 7060 \u00a09 x 9 mm Art. 2620 12&#215;12 mm Art. PYR160 16&#215;16 mm\" \/>\n<meta property=\"og:url\" content=\"https:\/\/www.modimex.it\/fr\/prodotto\/clous-carres-en-pyramide-avec-cote-arrondi\/\" \/>\n<meta property=\"og:site_name\" content=\"Modimex\" \/>\n<meta property=\"article:modified_time\" content=\"2021-03-31T16:30:00+00:00\" \/>\n<meta property=\"og:image\" content=\"https:\/\/www.modimex.it\/wp-content\/uploads\/2016\/09\/2620SQ.jpg\" \/>\n\t<meta property=\"og:image:width\" content=\"1000\" \/>\n\t<meta property=\"og:image:height\" content=\"667\" \/>\n\t<meta property=\"og:image:type\" content=\"image\/jpeg\" \/>\n<script type=\"application\/ld+json\" class=\"yoast-schema-graph\">{\"@context\":\"https:\/\/schema.org\",\"@graph\":[{\"@type\":\"WebPage\",\"@id\":\"https:\/\/www.modimex.it\/fr\/prodotto\/clous-carres-en-pyramide-avec-cote-arrondi\/\",\"url\":\"https:\/\/www.modimex.it\/fr\/prodotto\/clous-carres-en-pyramide-avec-cote-arrondi\/\",\"name\":\"Clous carr\u00e9s en pyramide avec c\u00f4t\u00e9 arrondi | Modimex\",\"isPartOf\":{\"@id\":\"https:\/\/www.modimex.it\/#website\"},\"primaryImageOfPage\":{\"@id\":\"https:\/\/www.modimex.it\/fr\/prodotto\/clous-carres-en-pyramide-avec-cote-arrondi\/#primaryimage\"},\"image\":{\"@id\":\"https:\/\/www.modimex.it\/fr\/prodotto\/clous-carres-en-pyramide-avec-cote-arrondi\/#primaryimage\"},\"thumbnailUrl\":\"https:\/\/www.modimex.it\/wp-content\/uploads\/2016\/09\/2620SQ.jpg\",\"datePublished\":\"2016-09-12T09:18:16+00:00\",\"dateModified\":\"2021-03-31T16:30:00+00:00\",\"breadcrumb\":{\"@id\":\"https:\/\/www.modimex.it\/fr\/prodotto\/clous-carres-en-pyramide-avec-cote-arrondi\/#breadcrumb\"},\"inLanguage\":\"fr-FR\",\"potentialAction\":[{\"@type\":\"ReadAction\",\"target\":[\"https:\/\/www.modimex.it\/fr\/prodotto\/clous-carres-en-pyramide-avec-cote-arrondi\/\"]}]},{\"@type\":\"ImageObject\",\"inLanguage\":\"fr-FR\",\"@id\":\"https:\/\/www.modimex.it\/fr\/prodotto\/clous-carres-en-pyramide-avec-cote-arrondi\/#primaryimage\",\"url\":\"https:\/\/www.modimex.it\/wp-content\/uploads\/2016\/09\/2620SQ.jpg\",\"contentUrl\":\"https:\/\/www.modimex.it\/wp-content\/uploads\/2016\/09\/2620SQ.jpg\",\"width\":1000,\"height\":667},{\"@type\":\"BreadcrumbList\",\"@id\":\"https:\/\/www.modimex.it\/fr\/prodotto\/clous-carres-en-pyramide-avec-cote-arrondi\/#breadcrumb\",\"itemListElement\":[{\"@type\":\"ListItem\",\"position\":1,\"name\":\"Home\",\"item\":\"https:\/\/www.modimex.it\/fr\/\"},{\"@type\":\"ListItem\",\"position\":2,\"name\":\"Catalogue\",\"item\":\"https:\/\/www.modimex.it\/prodotti-modimex\/\"},{\"@type\":\"ListItem\",\"position\":3,\"name\":\"Clous carr\u00e9s en pyramide avec c\u00f4t\u00e9 arrondi\"}]},{\"@type\":\"WebSite\",\"@id\":\"https:\/\/www.modimex.it\/#website\",\"url\":\"https:\/\/www.modimex.it\/\",\"name\":\"Modimex\",\"description\":\"Modimex Accessori srl\",\"publisher\":{\"@id\":\"https:\/\/www.modimex.it\/#organization\"},\"potentialAction\":[{\"@type\":\"SearchAction\",\"target\":{\"@type\":\"EntryPoint\",\"urlTemplate\":\"https:\/\/www.modimex.it\/?s={search_term_string}\"},\"query-input\":{\"@type\":\"PropertyValueSpecification\",\"valueRequired\":true,\"valueName\":\"search_term_string\"}}],\"inLanguage\":\"fr-FR\"},{\"@type\":\"Organization\",\"@id\":\"https:\/\/www.modimex.it\/#organization\",\"name\":\"Modimex Accessori Srl\",\"url\":\"https:\/\/www.modimex.it\/\",\"logo\":{\"@type\":\"ImageObject\",\"inLanguage\":\"fr-FR\",\"@id\":\"https:\/\/www.modimex.it\/#\/schema\/logo\/image\/\",\"url\":\"https:\/\/www.modimex.it\/wp-content\/uploads\/2019\/03\/cropped-Logo-MODIMEX-Accessori.png\",\"contentUrl\":\"https:\/\/www.modimex.it\/wp-content\/uploads\/2019\/03\/cropped-Logo-MODIMEX-Accessori.png\",\"width\":512,\"height\":512,\"caption\":\"Modimex Accessori Srl\"},\"image\":{\"@id\":\"https:\/\/www.modimex.it\/#\/schema\/logo\/image\/\"}}]}<\/script>\n<!-- \/ Yoast SEO plugin. -->","yoast_head_json":{"title":"Clous carr\u00e9s en pyramide avec c\u00f4t\u00e9 arrondi | Modimex","robots":{"index":"index","follow":"follow","max-snippet":"max-snippet:-1","max-image-preview":"max-image-preview:large","max-video-preview":"max-video-preview:-1"},"canonical":"https:\/\/www.modimex.it\/fr\/prodotto\/clous-carres-en-pyramide-avec-cote-arrondi\/","og_locale":"fr_FR","og_type":"article","og_title":"Clous carr\u00e9s en pyramide avec c\u00f4t\u00e9 arrondi | Modimex","og_description":"Clous carr\u00e9s en pyramide avec c\u00f4t\u00e9 arrondi Art. 704 3 x 3 mm Art. 7030 \u00a0 4 x 4 mm Art. 7000 \u00a06,5&#215;6,5 mm Art. 7060 \u00a09 x 9 mm Art. 2620 12&#215;12 mm Art. PYR160 16&#215;16 mm","og_url":"https:\/\/www.modimex.it\/fr\/prodotto\/clous-carres-en-pyramide-avec-cote-arrondi\/","og_site_name":"Modimex","article_modified_time":"2021-03-31T16:30:00+00:00","og_image":[{"width":1000,"height":667,"url":"https:\/\/www.modimex.it\/wp-content\/uploads\/2016\/09\/2620SQ.jpg","type":"image\/jpeg"}],"schema":{"@context":"https:\/\/schema.org","@graph":[{"@type":"WebPage","@id":"https:\/\/www.modimex.it\/fr\/prodotto\/clous-carres-en-pyramide-avec-cote-arrondi\/","url":"https:\/\/www.modimex.it\/fr\/prodotto\/clous-carres-en-pyramide-avec-cote-arrondi\/","name":"Clous carr\u00e9s en pyramide avec c\u00f4t\u00e9 arrondi | Modimex","isPartOf":{"@id":"https:\/\/www.modimex.it\/#website"},"primaryImageOfPage":{"@id":"https:\/\/www.modimex.it\/fr\/prodotto\/clous-carres-en-pyramide-avec-cote-arrondi\/#primaryimage"},"image":{"@id":"https:\/\/www.modimex.it\/fr\/prodotto\/clous-carres-en-pyramide-avec-cote-arrondi\/#primaryimage"},"thumbnailUrl":"https:\/\/www.modimex.it\/wp-content\/uploads\/2016\/09\/2620SQ.jpg","datePublished":"2016-09-12T09:18:16+00:00","dateModified":"2021-03-31T16:30:00+00:00","breadcrumb":{"@id":"https:\/\/www.modimex.it\/fr\/prodotto\/clous-carres-en-pyramide-avec-cote-arrondi\/#breadcrumb"},"inLanguage":"fr-FR","potentialAction":[{"@type":"ReadAction","target":["https:\/\/www.modimex.it\/fr\/prodotto\/clous-carres-en-pyramide-avec-cote-arrondi\/"]}]},{"@type":"ImageObject","inLanguage":"fr-FR","@id":"https:\/\/www.modimex.it\/fr\/prodotto\/clous-carres-en-pyramide-avec-cote-arrondi\/#primaryimage","url":"https:\/\/www.modimex.it\/wp-content\/uploads\/2016\/09\/2620SQ.jpg","contentUrl":"https:\/\/www.modimex.it\/wp-content\/uploads\/2016\/09\/2620SQ.jpg","width":1000,"height":667},{"@type":"BreadcrumbList","@id":"https:\/\/www.modimex.it\/fr\/prodotto\/clous-carres-en-pyramide-avec-cote-arrondi\/#breadcrumb","itemListElement":[{"@type":"ListItem","position":1,"name":"Home","item":"https:\/\/www.modimex.it\/fr\/"},{"@type":"ListItem","position":2,"name":"Catalogue","item":"https:\/\/www.modimex.it\/prodotti-modimex\/"},{"@type":"ListItem","position":3,"name":"Clous carr\u00e9s en pyramide avec c\u00f4t\u00e9 arrondi"}]},{"@type":"WebSite","@id":"https:\/\/www.modimex.it\/#website","url":"https:\/\/www.modimex.it\/","name":"Modimex","description":"Modimex Accessori srl","publisher":{"@id":"https:\/\/www.modimex.it\/#organization"},"potentialAction":[{"@type":"SearchAction","target":{"@type":"EntryPoint","urlTemplate":"https:\/\/www.modimex.it\/?s={search_term_string}"},"query-input":{"@type":"PropertyValueSpecification","valueRequired":true,"valueName":"search_term_string"}}],"inLanguage":"fr-FR"},{"@type":"Organization","@id":"https:\/\/www.modimex.it\/#organization","name":"Modimex Accessori Srl","url":"https:\/\/www.modimex.it\/","logo":{"@type":"ImageObject","inLanguage":"fr-FR","@id":"https:\/\/www.modimex.it\/#\/schema\/logo\/image\/","url":"https:\/\/www.modimex.it\/wp-content\/uploads\/2019\/03\/cropped-Logo-MODIMEX-Accessori.png","contentUrl":"https:\/\/www.modimex.it\/wp-content\/uploads\/2019\/03\/cropped-Logo-MODIMEX-Accessori.png","width":512,"height":512,"caption":"Modimex Accessori Srl"},"image":{"@id":"https:\/\/www.modimex.it\/#\/schema\/logo\/image\/"}}]}},"_links":{"self":[{"href":"https:\/\/www.modimex.it\/fr\/wp-json\/wp\/v2\/product\/1364","targetHints":{"allow":["GET"]}}],"collection":[{"href":"https:\/\/www.modimex.it\/fr\/wp-json\/wp\/v2\/product"}],"about":[{"href":"https:\/\/www.modimex.it\/fr\/wp-json\/wp\/v2\/types\/product"}],"wp:featuredmedia":[{"embeddable":true,"href":"https:\/\/www.modimex.it\/fr\/wp-json\/wp\/v2\/media\/4025"}],"wp:attachment":[{"href":"https:\/\/www.modimex.it\/fr\/wp-json\/wp\/v2\/media?parent=1364"}],"wp:term":[{"taxonomy":"product_brand","embeddable":true,"href":"https:\/\/www.modimex.it\/fr\/wp-json\/wp\/v2\/product_brand?post=1364"},{"taxonomy":"product_cat","embeddable":true,"href":"https:\/\/www.modimex.it\/fr\/wp-json\/wp\/v2\/product_cat?post=1364"},{"taxonomy":"product_tag","embeddable":true,"href":"https:\/\/www.modimex.it\/fr\/wp-json\/wp\/v2\/product_tag?post=1364"}],"curies":[{"name":"wp","href":"https:\/\/api.w.org\/{rel}","templated":true}]}}