{"id":508,"date":"2016-08-10T15:28:53","date_gmt":"2016-08-10T13:28:53","guid":{"rendered":"http:\/\/www.modimex.it\/index.php\/pagina-di-esempio\/?lang=fr"},"modified":"2020-12-01T15:38:14","modified_gmt":"2020-12-01T14:38:14","slug":"entreprise","status":"publish","type":"page","link":"https:\/\/www.modimex.it\/fr\/entreprise\/","title":{"rendered":"Entreprise"},"content":{"rendered":"\n<h2 class=\"wp-block-heading\">La meilleure tradition li\u00e9 \u00e0 la plus moderne technologie, pour produits exclusifs et de haute qualit\u00e9<\/h2>\n\n\n\n<p>Modimex n\u00e9 dans les ann\u00e9es 60 avec la production et la traitement des accessoires pour le v\u00eatement, en particulier accessoires sacs, accessoires chaussures et cuir.<\/p>\n\n\n\n<p>Avec passion et professionnalisme pendant les ann\u00e9es, a r\u00e9ussi \u00e0 gagner une place de premier plan parmi les meilleures entreprises du secteur, en r\u00e9ussissant \u00e0 \u00e9pandre ses produits sur le territoire national et international. La mission de l&rsquo;entreprise a toujours \u00e9t\u00e9 de d\u00e9velopper les ressources humaines, d&rsquo;accro\u00eetre la productivit\u00e9 et d&rsquo;affiner la qualit\u00e9 des produits r\u00e9alis\u00e9s.<\/p>\n\n\n\n<p>Modimex emploie une \u00e9quipe de professionnels qui, chaque jour est \u00e0 votre service pour transformer les d\u00e9sirs en produits \u00e9l\u00e9gants et raffin\u00e9s. La soci\u00e9t\u00e9 est sp\u00e9cialis\u00e9e dans le traitement et l&rsquo;application des accessoires pour v\u00eatements, en r\u00e9ussissant \u00e0 produire des cr\u00e9ations personnalis\u00e9s en fonction des besoins des clients.<\/p>\n\n\n\n<p>Parmi les premiers \u00e0 faire usage de la collaboration des plus importants designers pour cr\u00e9er leurs collections, Modimex a r\u00e9ussi \u00e0 cr\u00e9er des produits qui ont marqu\u00e9 tout le secteur avec leurs lignes pr\u00e9sentes dans les expositions internationales les plus importantes pour le design de l\u2019accessoire.<\/p>\n\n\n\n<p><em>Laissez-vous inspirer, lib\u00e9rez votre imagination et planifiez votre article: Modimex le r\u00e9alisera selon vos besoins<\/em>.<\/p>\n\n\n\n<p>Toujours dans une continue d\u00e9veloppement innovant, la soci\u00e9t\u00e9 n&rsquo;a jamais arret\u00e9 et ses cr\u00e9ations sont appr\u00e9ci\u00e9es par les meilleures marques internationales, car elles sont con\u00e7u en splendides et sans fin variations. Modimex offre une grande collection de produits semi-finis qui s\u2019adaptent \u00e0 la cr\u00e9ativit\u00e9 m\u00eame si des stylistes les plus exigeants: <strong><a href=\"https:\/\/www.modimex.it\/fr\/catalogue\/cloues\/\">clous<\/a>, d\u00e9corations, entrelacement cuir<\/strong>, produits qui refl\u00e8tent la cr\u00e9ativit\u00e9 des Modimex.<\/p>\n\n\n\n<div class=\"wp-block-group\"><div class=\"wp-block-group__inner-container is-layout-flow wp-block-group-is-layout-flow\">\n<figure class=\"wp-block-gallery columns-2 is-cropped wp-block-gallery-1 is-layout-flex wp-block-gallery-is-layout-flex\"><ul class=\"blocks-gallery-grid\"><li class=\"blocks-gallery-item\"><figure><img loading=\"lazy\" decoding=\"async\" width=\"1000\" height=\"667\" src=\"http:\/\/www.modimex.it\/app\/uploads\/2016\/08\/MODIMEX-DAVANTI.jpg\" alt=\"\" data-id=\"953\" data-full-url=\"http:\/\/www.modimex.it\/app\/uploads\/2016\/08\/MODIMEX-DAVANTI.jpg\" data-link=\"http:\/\/www.modimex.it\/fr\/entreprise\/attachment\/modimex-davanti-2\/\" class=\"wp-image-953\" srcset=\"https:\/\/www.modimex.it\/wp-content\/uploads\/2016\/08\/MODIMEX-DAVANTI.jpg 1000w, https:\/\/www.modimex.it\/wp-content\/uploads\/2016\/08\/MODIMEX-DAVANTI-64x43.jpg 64w, https:\/\/www.modimex.it\/wp-content\/uploads\/2016\/08\/MODIMEX-DAVANTI-768x512.jpg 768w, https:\/\/www.modimex.it\/wp-content\/uploads\/2016\/08\/MODIMEX-DAVANTI-750x500.jpg 750w, https:\/\/www.modimex.it\/wp-content\/uploads\/2016\/08\/MODIMEX-DAVANTI-300x200.jpg 300w\" sizes=\"auto, (max-width: 1000px) 100vw, 1000px\" \/><\/figure><\/li><li class=\"blocks-gallery-item\"><figure><img loading=\"lazy\" decoding=\"async\" width=\"1024\" height=\"767\" src=\"http:\/\/www.modimex.it\/app\/uploads\/2016\/08\/MODIMEX-DIETRO-2-1024x767.jpg\" alt=\"\" data-id=\"956\" data-full-url=\"http:\/\/www.modimex.it\/app\/uploads\/2016\/08\/MODIMEX-DIETRO-2.jpg\" data-link=\"http:\/\/www.modimex.it\/fr\/entreprise\/attachment\/modimex-dietro-2-2\/\" class=\"wp-image-956\" srcset=\"https:\/\/www.modimex.it\/wp-content\/uploads\/2016\/08\/MODIMEX-DIETRO-2-1024x767.jpg 1024w, https:\/\/www.modimex.it\/wp-content\/uploads\/2016\/08\/MODIMEX-DIETRO-2-300x225.jpg 300w, https:\/\/www.modimex.it\/wp-content\/uploads\/2016\/08\/MODIMEX-DIETRO-2-768x576.jpg 768w, https:\/\/www.modimex.it\/wp-content\/uploads\/2016\/08\/MODIMEX-DIETRO-2-64x48.jpg 64w, https:\/\/www.modimex.it\/wp-content\/uploads\/2016\/08\/MODIMEX-DIETRO-2.jpg 2007w\" sizes=\"auto, (max-width: 1024px) 100vw, 1024px\" \/><\/figure><\/li><\/ul><\/figure>\n<\/div><\/div>\n\n\n\n<p><\/p>\n","protected":false},"excerpt":{"rendered":"<p>La meilleure tradition li\u00e9 \u00e0 la plus moderne technologie, pour produits exclusifs et de haute qualit\u00e9 Modimex n\u00e9 dans les ann\u00e9es 60 avec la production et la traitement des accessoires pour le v\u00eatement, en particulier accessoires sacs, accessoires chaussures et cuir. Avec passion et professionnalisme pendant les ann\u00e9es, a r\u00e9ussi \u00e0 gagner une place de [&hellip;]<\/p>\n","protected":false},"author":1,"featured_media":0,"parent":0,"menu_order":0,"comment_status":"closed","ping_status":"closed","template":"","meta":{"_acf_changed":false,"footnotes":""},"class_list":["post-508","page","type-page","status-publish","hentry"],"acf":[],"yoast_head":"<!-- This site is optimized with the Yoast SEO plugin v26.8 - https:\/\/yoast.com\/product\/yoast-seo-wordpress\/ -->\n<title>Entreprise | Modimex<\/title>\n<meta name=\"robots\" content=\"index, follow, max-snippet:-1, max-image-preview:large, max-video-preview:-1\" \/>\n<link rel=\"canonical\" href=\"https:\/\/www.modimex.it\/lavorazione-accessori-abbigliamento\/\" \/>\n<meta property=\"og:locale\" content=\"fr_FR\" \/>\n<meta property=\"og:type\" content=\"article\" \/>\n<meta property=\"og:title\" content=\"Entreprise | Modimex\" \/>\n<meta property=\"og:description\" content=\"La meilleure tradition li\u00e9 \u00e0 la plus moderne technologie, pour produits exclusifs et de haute qualit\u00e9 Modimex n\u00e9 dans les ann\u00e9es 60 avec la production et la traitement des accessoires pour le v\u00eatement, en particulier accessoires sacs, accessoires chaussures et cuir. Avec passion et professionnalisme pendant les ann\u00e9es, a r\u00e9ussi \u00e0 gagner une place de [&hellip;]\" \/>\n<meta property=\"og:url\" content=\"https:\/\/www.modimex.it\/lavorazione-accessori-abbigliamento\/\" \/>\n<meta property=\"og:site_name\" content=\"Modimex\" \/>\n<meta property=\"article:modified_time\" content=\"2020-12-01T14:38:14+00:00\" \/>\n<meta property=\"og:image\" content=\"http:\/\/www.modimex.it\/app\/uploads\/2016\/08\/MODIMEX-DAVANTI.jpg\" \/>\n<script type=\"application\/ld+json\" class=\"yoast-schema-graph\">{\"@context\":\"https:\/\/schema.org\",\"@graph\":[{\"@type\":\"WebPage\",\"@id\":\"https:\/\/www.modimex.it\/lavorazione-accessori-abbigliamento\/\",\"url\":\"https:\/\/www.modimex.it\/lavorazione-accessori-abbigliamento\/\",\"name\":\"Entreprise | Modimex\",\"isPartOf\":{\"@id\":\"https:\/\/www.modimex.it\/#website\"},\"primaryImageOfPage\":{\"@id\":\"https:\/\/www.modimex.it\/lavorazione-accessori-abbigliamento\/#primaryimage\"},\"image\":{\"@id\":\"https:\/\/www.modimex.it\/lavorazione-accessori-abbigliamento\/#primaryimage\"},\"thumbnailUrl\":\"http:\/\/www.modimex.it\/app\/uploads\/2016\/08\/MODIMEX-DAVANTI.jpg\",\"datePublished\":\"2016-08-10T13:28:53+00:00\",\"dateModified\":\"2020-12-01T14:38:14+00:00\",\"breadcrumb\":{\"@id\":\"https:\/\/www.modimex.it\/lavorazione-accessori-abbigliamento\/#breadcrumb\"},\"inLanguage\":\"fr-FR\",\"potentialAction\":[{\"@type\":\"ReadAction\",\"target\":[\"https:\/\/www.modimex.it\/lavorazione-accessori-abbigliamento\/\"]}]},{\"@type\":\"ImageObject\",\"inLanguage\":\"fr-FR\",\"@id\":\"https:\/\/www.modimex.it\/lavorazione-accessori-abbigliamento\/#primaryimage\",\"url\":\"http:\/\/www.modimex.it\/app\/uploads\/2016\/08\/MODIMEX-DAVANTI.jpg\",\"contentUrl\":\"http:\/\/www.modimex.it\/app\/uploads\/2016\/08\/MODIMEX-DAVANTI.jpg\"},{\"@type\":\"BreadcrumbList\",\"@id\":\"https:\/\/www.modimex.it\/lavorazione-accessori-abbigliamento\/#breadcrumb\",\"itemListElement\":[{\"@type\":\"ListItem\",\"position\":1,\"name\":\"Home\",\"item\":\"https:\/\/www.modimex.it\/fr\/\"},{\"@type\":\"ListItem\",\"position\":2,\"name\":\"Entreprise\"}]},{\"@type\":\"WebSite\",\"@id\":\"https:\/\/www.modimex.it\/#website\",\"url\":\"https:\/\/www.modimex.it\/\",\"name\":\"Modimex\",\"description\":\"Modimex Accessori srl\",\"publisher\":{\"@id\":\"https:\/\/www.modimex.it\/#organization\"},\"potentialAction\":[{\"@type\":\"SearchAction\",\"target\":{\"@type\":\"EntryPoint\",\"urlTemplate\":\"https:\/\/www.modimex.it\/?s={search_term_string}\"},\"query-input\":{\"@type\":\"PropertyValueSpecification\",\"valueRequired\":true,\"valueName\":\"search_term_string\"}}],\"inLanguage\":\"fr-FR\"},{\"@type\":\"Organization\",\"@id\":\"https:\/\/www.modimex.it\/#organization\",\"name\":\"Modimex Accessori Srl\",\"url\":\"https:\/\/www.modimex.it\/\",\"logo\":{\"@type\":\"ImageObject\",\"inLanguage\":\"fr-FR\",\"@id\":\"https:\/\/www.modimex.it\/#\/schema\/logo\/image\/\",\"url\":\"https:\/\/www.modimex.it\/wp-content\/uploads\/2019\/03\/cropped-Logo-MODIMEX-Accessori.png\",\"contentUrl\":\"https:\/\/www.modimex.it\/wp-content\/uploads\/2019\/03\/cropped-Logo-MODIMEX-Accessori.png\",\"width\":512,\"height\":512,\"caption\":\"Modimex Accessori Srl\"},\"image\":{\"@id\":\"https:\/\/www.modimex.it\/#\/schema\/logo\/image\/\"}}]}<\/script>\n<!-- \/ Yoast SEO plugin. -->","yoast_head_json":{"title":"Entreprise | Modimex","robots":{"index":"index","follow":"follow","max-snippet":"max-snippet:-1","max-image-preview":"max-image-preview:large","max-video-preview":"max-video-preview:-1"},"canonical":"https:\/\/www.modimex.it\/lavorazione-accessori-abbigliamento\/","og_locale":"fr_FR","og_type":"article","og_title":"Entreprise | Modimex","og_description":"La meilleure tradition li\u00e9 \u00e0 la plus moderne technologie, pour produits exclusifs et de haute qualit\u00e9 Modimex n\u00e9 dans les ann\u00e9es 60 avec la production et la traitement des accessoires pour le v\u00eatement, en particulier accessoires sacs, accessoires chaussures et cuir. Avec passion et professionnalisme pendant les ann\u00e9es, a r\u00e9ussi \u00e0 gagner une place de [&hellip;]","og_url":"https:\/\/www.modimex.it\/lavorazione-accessori-abbigliamento\/","og_site_name":"Modimex","article_modified_time":"2020-12-01T14:38:14+00:00","og_image":[{"url":"http:\/\/www.modimex.it\/app\/uploads\/2016\/08\/MODIMEX-DAVANTI.jpg","type":"","width":"","height":""}],"schema":{"@context":"https:\/\/schema.org","@graph":[{"@type":"WebPage","@id":"https:\/\/www.modimex.it\/lavorazione-accessori-abbigliamento\/","url":"https:\/\/www.modimex.it\/lavorazione-accessori-abbigliamento\/","name":"Entreprise | Modimex","isPartOf":{"@id":"https:\/\/www.modimex.it\/#website"},"primaryImageOfPage":{"@id":"https:\/\/www.modimex.it\/lavorazione-accessori-abbigliamento\/#primaryimage"},"image":{"@id":"https:\/\/www.modimex.it\/lavorazione-accessori-abbigliamento\/#primaryimage"},"thumbnailUrl":"http:\/\/www.modimex.it\/app\/uploads\/2016\/08\/MODIMEX-DAVANTI.jpg","datePublished":"2016-08-10T13:28:53+00:00","dateModified":"2020-12-01T14:38:14+00:00","breadcrumb":{"@id":"https:\/\/www.modimex.it\/lavorazione-accessori-abbigliamento\/#breadcrumb"},"inLanguage":"fr-FR","potentialAction":[{"@type":"ReadAction","target":["https:\/\/www.modimex.it\/lavorazione-accessori-abbigliamento\/"]}]},{"@type":"ImageObject","inLanguage":"fr-FR","@id":"https:\/\/www.modimex.it\/lavorazione-accessori-abbigliamento\/#primaryimage","url":"http:\/\/www.modimex.it\/app\/uploads\/2016\/08\/MODIMEX-DAVANTI.jpg","contentUrl":"http:\/\/www.modimex.it\/app\/uploads\/2016\/08\/MODIMEX-DAVANTI.jpg"},{"@type":"BreadcrumbList","@id":"https:\/\/www.modimex.it\/lavorazione-accessori-abbigliamento\/#breadcrumb","itemListElement":[{"@type":"ListItem","position":1,"name":"Home","item":"https:\/\/www.modimex.it\/fr\/"},{"@type":"ListItem","position":2,"name":"Entreprise"}]},{"@type":"WebSite","@id":"https:\/\/www.modimex.it\/#website","url":"https:\/\/www.modimex.it\/","name":"Modimex","description":"Modimex Accessori srl","publisher":{"@id":"https:\/\/www.modimex.it\/#organization"},"potentialAction":[{"@type":"SearchAction","target":{"@type":"EntryPoint","urlTemplate":"https:\/\/www.modimex.it\/?s={search_term_string}"},"query-input":{"@type":"PropertyValueSpecification","valueRequired":true,"valueName":"search_term_string"}}],"inLanguage":"fr-FR"},{"@type":"Organization","@id":"https:\/\/www.modimex.it\/#organization","name":"Modimex Accessori Srl","url":"https:\/\/www.modimex.it\/","logo":{"@type":"ImageObject","inLanguage":"fr-FR","@id":"https:\/\/www.modimex.it\/#\/schema\/logo\/image\/","url":"https:\/\/www.modimex.it\/wp-content\/uploads\/2019\/03\/cropped-Logo-MODIMEX-Accessori.png","contentUrl":"https:\/\/www.modimex.it\/wp-content\/uploads\/2019\/03\/cropped-Logo-MODIMEX-Accessori.png","width":512,"height":512,"caption":"Modimex Accessori Srl"},"image":{"@id":"https:\/\/www.modimex.it\/#\/schema\/logo\/image\/"}}]}},"_links":{"self":[{"href":"https:\/\/www.modimex.it\/fr\/wp-json\/wp\/v2\/pages\/508","targetHints":{"allow":["GET"]}}],"collection":[{"href":"https:\/\/www.modimex.it\/fr\/wp-json\/wp\/v2\/pages"}],"about":[{"href":"https:\/\/www.modimex.it\/fr\/wp-json\/wp\/v2\/types\/page"}],"author":[{"embeddable":true,"href":"https:\/\/www.modimex.it\/fr\/wp-json\/wp\/v2\/users\/1"}],"replies":[{"embeddable":true,"href":"https:\/\/www.modimex.it\/fr\/wp-json\/wp\/v2\/comments?post=508"}],"version-history":[{"count":0,"href":"https:\/\/www.modimex.it\/fr\/wp-json\/wp\/v2\/pages\/508\/revisions"}],"wp:attachment":[{"href":"https:\/\/www.modimex.it\/fr\/wp-json\/wp\/v2\/media?parent=508"}],"curies":[{"name":"wp","href":"https:\/\/api.w.org\/{rel}","templated":true}]}}