{"id":14712,"date":"2020-10-26T14:53:13","date_gmt":"2020-10-26T13:53:13","guid":{"rendered":"http:\/\/www.modimex.it\/home-2\/"},"modified":"2020-12-01T18:30:20","modified_gmt":"2020-12-01T17:30:20","slug":"home-2","status":"publish","type":"page","link":"https:\/\/www.modimex.it\/fr\/","title":{"rendered":"Modimex: les d\u00e9tails qui font la diff\u00e9rence"},"content":{"rendered":"\n<p id=\"block-194b7ac9-8eaf-404f-9dd0-20ad17accabf\">Depuis plus de 50 ans, Modimex est le leader international dans le domaine des fabricants d&rsquo;accessoires de mode italiens, et ses produits sont un point fixe pour les marques et les Griffes les plus prestigieuses au monde.<\/p>\n\n\n\n<p id=\"tw-target-text\">Aujourd&rsquo;hui, Modimex est sp\u00e9cialis\u00e9 dans l\u2019application des accessoires dans le domaine des v\u00eatements, des sacs, des chaussures, du cuir et effectue des traitements et des applications sur mesure sur tous les types de tissus et de cuirs.<\/p>\n\n\n\n<p id=\"tw-target-text\">Passion et professionnalisme sont les ma\u00eetres mots de Modimex, qui est devenu, au fil des ans, l&rsquo;expression et l&rsquo;h\u00e9ritage du design d&rsquo;accessoires de mode italien. De nombreuses ann\u00e9es d&rsquo;exp\u00e9rience sont n\u00e9s, ainsi que les goujons en caoutchouc \u00e0 broches m\u00e9talliques int\u00e9gr\u00e9es, dont la soci\u00e9t\u00e9 d\u00e9tient un brevet international.<\/p>\n\n\n\n<p id=\"tw-target-text\">L&rsquo;attention aux d\u00e9tails et l&rsquo;utilisation du meilleur mat\u00e9riau font de la marque Modimex un synonyme de qualit\u00e9, la combinaison parfaite de la meilleure tradition artisanale et de l&rsquo;innovation technologique moderne, capable de cr\u00e9er des accessoires de mode uniques et exclusifs.<\/p>\n","protected":false},"excerpt":{"rendered":"<p>Depuis plus de 50 ans, Modimex est le leader international dans le domaine des fabricants d&rsquo;accessoires de mode italiens, et ses produits sont un point fixe pour les marques et les Griffes les plus prestigieuses au monde. Aujourd&rsquo;hui, Modimex est sp\u00e9cialis\u00e9 dans l\u2019application des accessoires dans le domaine des v\u00eatements, des sacs, des chaussures, du [&hellip;]<\/p>\n","protected":false},"author":7,"featured_media":0,"parent":0,"menu_order":0,"comment_status":"closed","ping_status":"closed","template":"","meta":{"_acf_changed":false,"footnotes":""},"class_list":["post-14712","page","type-page","status-publish","hentry"],"acf":[],"yoast_head":"<!-- This site is optimized with the Yoast SEO plugin v26.8 - https:\/\/yoast.com\/product\/yoast-seo-wordpress\/ -->\n<title>Applicazione accessori moda | Modimex Accessori Srl<\/title>\n<meta name=\"description\" content=\"Modimex Accessori Srl \u00e8 specializzata nell\u2019applicazione di accessori moda nel settore dell\u2019abbigliamento. Effettua applicazioni personalizzate.\" \/>\n<meta name=\"robots\" content=\"index, follow, max-snippet:-1, max-image-preview:large, max-video-preview:-1\" \/>\n<link rel=\"canonical\" href=\"https:\/\/www.modimex.it\/fr\/\" \/>\n<meta property=\"og:locale\" content=\"fr_FR\" \/>\n<meta property=\"og:type\" content=\"article\" \/>\n<meta property=\"og:title\" content=\"Applicazione accessori moda | Modimex Accessori Srl\" \/>\n<meta property=\"og:description\" content=\"Modimex Accessori Srl \u00e8 specializzata nell\u2019applicazione di accessori moda nel settore dell\u2019abbigliamento. Effettua applicazioni personalizzate.\" \/>\n<meta property=\"og:url\" content=\"https:\/\/www.modimex.it\/fr\/\" \/>\n<meta property=\"og:site_name\" content=\"Modimex\" \/>\n<meta property=\"article:modified_time\" content=\"2020-12-01T17:30:20+00:00\" \/>\n<meta property=\"og:image\" content=\"https:\/\/www.modimex.it\/wp-content\/uploads\/2019\/03\/cropped-Logo-MODIMEX-Accessori.png\" \/>\n\t<meta property=\"og:image:width\" content=\"512\" \/>\n\t<meta property=\"og:image:height\" content=\"512\" \/>\n\t<meta property=\"og:image:type\" content=\"image\/png\" \/>\n<script type=\"application\/ld+json\" class=\"yoast-schema-graph\">{\"@context\":\"https:\/\/schema.org\",\"@graph\":[{\"@type\":\"WebPage\",\"@id\":\"https:\/\/www.modimex.it\/fr\/\",\"url\":\"https:\/\/www.modimex.it\/fr\/\",\"name\":\"Applicazione accessori moda | Modimex Accessori Srl\",\"isPartOf\":{\"@id\":\"https:\/\/www.modimex.it\/#website\"},\"datePublished\":\"2020-10-26T13:53:13+00:00\",\"dateModified\":\"2020-12-01T17:30:20+00:00\",\"description\":\"Modimex Accessori Srl \u00e8 specializzata nell\u2019applicazione di accessori moda nel settore dell\u2019abbigliamento. Effettua applicazioni personalizzate.\",\"breadcrumb\":{\"@id\":\"https:\/\/www.modimex.it\/fr\/#breadcrumb\"},\"inLanguage\":\"fr-FR\",\"potentialAction\":[{\"@type\":\"ReadAction\",\"target\":[\"https:\/\/www.modimex.it\/fr\/\"]}]},{\"@type\":\"BreadcrumbList\",\"@id\":\"https:\/\/www.modimex.it\/fr\/#breadcrumb\",\"itemListElement\":[{\"@type\":\"ListItem\",\"position\":1,\"name\":\"Home\",\"item\":\"https:\/\/www.modimex.it\/fr\/\"},{\"@type\":\"ListItem\",\"position\":2,\"name\":\"Modimex: les d\u00e9tails qui font la diff\u00e9rence\"}]},{\"@type\":\"WebSite\",\"@id\":\"https:\/\/www.modimex.it\/#website\",\"url\":\"https:\/\/www.modimex.it\/\",\"name\":\"Modimex\",\"description\":\"Modimex Accessori srl\",\"publisher\":{\"@id\":\"https:\/\/www.modimex.it\/#organization\"},\"potentialAction\":[{\"@type\":\"SearchAction\",\"target\":{\"@type\":\"EntryPoint\",\"urlTemplate\":\"https:\/\/www.modimex.it\/?s={search_term_string}\"},\"query-input\":{\"@type\":\"PropertyValueSpecification\",\"valueRequired\":true,\"valueName\":\"search_term_string\"}}],\"inLanguage\":\"fr-FR\"},{\"@type\":\"Organization\",\"@id\":\"https:\/\/www.modimex.it\/#organization\",\"name\":\"Modimex Accessori Srl\",\"url\":\"https:\/\/www.modimex.it\/\",\"logo\":{\"@type\":\"ImageObject\",\"inLanguage\":\"fr-FR\",\"@id\":\"https:\/\/www.modimex.it\/#\/schema\/logo\/image\/\",\"url\":\"https:\/\/www.modimex.it\/wp-content\/uploads\/2019\/03\/cropped-Logo-MODIMEX-Accessori.png\",\"contentUrl\":\"https:\/\/www.modimex.it\/wp-content\/uploads\/2019\/03\/cropped-Logo-MODIMEX-Accessori.png\",\"width\":512,\"height\":512,\"caption\":\"Modimex Accessori Srl\"},\"image\":{\"@id\":\"https:\/\/www.modimex.it\/#\/schema\/logo\/image\/\"}}]}<\/script>\n<!-- \/ Yoast SEO plugin. -->","yoast_head_json":{"title":"Applicazione accessori moda | Modimex Accessori Srl","description":"Modimex Accessori Srl \u00e8 specializzata nell\u2019applicazione di accessori moda nel settore dell\u2019abbigliamento. Effettua applicazioni personalizzate.","robots":{"index":"index","follow":"follow","max-snippet":"max-snippet:-1","max-image-preview":"max-image-preview:large","max-video-preview":"max-video-preview:-1"},"canonical":"https:\/\/www.modimex.it\/fr\/","og_locale":"fr_FR","og_type":"article","og_title":"Applicazione accessori moda | Modimex Accessori Srl","og_description":"Modimex Accessori Srl \u00e8 specializzata nell\u2019applicazione di accessori moda nel settore dell\u2019abbigliamento. Effettua applicazioni personalizzate.","og_url":"https:\/\/www.modimex.it\/fr\/","og_site_name":"Modimex","article_modified_time":"2020-12-01T17:30:20+00:00","og_image":[{"width":512,"height":512,"url":"https:\/\/www.modimex.it\/wp-content\/uploads\/2019\/03\/cropped-Logo-MODIMEX-Accessori.png","type":"image\/png"}],"schema":{"@context":"https:\/\/schema.org","@graph":[{"@type":"WebPage","@id":"https:\/\/www.modimex.it\/fr\/","url":"https:\/\/www.modimex.it\/fr\/","name":"Applicazione accessori moda | Modimex Accessori Srl","isPartOf":{"@id":"https:\/\/www.modimex.it\/#website"},"datePublished":"2020-10-26T13:53:13+00:00","dateModified":"2020-12-01T17:30:20+00:00","description":"Modimex Accessori Srl \u00e8 specializzata nell\u2019applicazione di accessori moda nel settore dell\u2019abbigliamento. Effettua applicazioni personalizzate.","breadcrumb":{"@id":"https:\/\/www.modimex.it\/fr\/#breadcrumb"},"inLanguage":"fr-FR","potentialAction":[{"@type":"ReadAction","target":["https:\/\/www.modimex.it\/fr\/"]}]},{"@type":"BreadcrumbList","@id":"https:\/\/www.modimex.it\/fr\/#breadcrumb","itemListElement":[{"@type":"ListItem","position":1,"name":"Home","item":"https:\/\/www.modimex.it\/fr\/"},{"@type":"ListItem","position":2,"name":"Modimex: les d\u00e9tails qui font la diff\u00e9rence"}]},{"@type":"WebSite","@id":"https:\/\/www.modimex.it\/#website","url":"https:\/\/www.modimex.it\/","name":"Modimex","description":"Modimex Accessori srl","publisher":{"@id":"https:\/\/www.modimex.it\/#organization"},"potentialAction":[{"@type":"SearchAction","target":{"@type":"EntryPoint","urlTemplate":"https:\/\/www.modimex.it\/?s={search_term_string}"},"query-input":{"@type":"PropertyValueSpecification","valueRequired":true,"valueName":"search_term_string"}}],"inLanguage":"fr-FR"},{"@type":"Organization","@id":"https:\/\/www.modimex.it\/#organization","name":"Modimex Accessori Srl","url":"https:\/\/www.modimex.it\/","logo":{"@type":"ImageObject","inLanguage":"fr-FR","@id":"https:\/\/www.modimex.it\/#\/schema\/logo\/image\/","url":"https:\/\/www.modimex.it\/wp-content\/uploads\/2019\/03\/cropped-Logo-MODIMEX-Accessori.png","contentUrl":"https:\/\/www.modimex.it\/wp-content\/uploads\/2019\/03\/cropped-Logo-MODIMEX-Accessori.png","width":512,"height":512,"caption":"Modimex Accessori Srl"},"image":{"@id":"https:\/\/www.modimex.it\/#\/schema\/logo\/image\/"}}]}},"_links":{"self":[{"href":"https:\/\/www.modimex.it\/fr\/wp-json\/wp\/v2\/pages\/14712","targetHints":{"allow":["GET"]}}],"collection":[{"href":"https:\/\/www.modimex.it\/fr\/wp-json\/wp\/v2\/pages"}],"about":[{"href":"https:\/\/www.modimex.it\/fr\/wp-json\/wp\/v2\/types\/page"}],"author":[{"embeddable":true,"href":"https:\/\/www.modimex.it\/fr\/wp-json\/wp\/v2\/users\/7"}],"replies":[{"embeddable":true,"href":"https:\/\/www.modimex.it\/fr\/wp-json\/wp\/v2\/comments?post=14712"}],"version-history":[{"count":0,"href":"https:\/\/www.modimex.it\/fr\/wp-json\/wp\/v2\/pages\/14712\/revisions"}],"wp:attachment":[{"href":"https:\/\/www.modimex.it\/fr\/wp-json\/wp\/v2\/media?parent=14712"}],"curies":[{"name":"wp","href":"https:\/\/api.w.org\/{rel}","templated":true}]}}