{"id":16315,"date":"2016-09-12T12:27:39","date_gmt":"2016-09-12T10:27:39","guid":{"rendered":"http:\/\/www.modimex.it\/prodotto\/borchie-navetta-piatta-zigrinata-art-15x7-flat-bark\/"},"modified":"2021-07-15T16:01:07","modified_gmt":"2021-07-15T14:01:07","slug":"geraendelte-flache-schiffchen-ziernaegel-art-15x7-flat-bark","status":"publish","type":"product","link":"https:\/\/www.modimex.it\/de\/produkt\/geraendelte-flache-schiffchen-ziernaegel-art-15x7-flat-bark\/","title":{"rendered":"Ger\u00e4ndelte flache Schiffchen-Ziern\u00e4gel Art. 15&#215;7 Flat Bark"},"content":{"rendered":"<p>Ger\u00e4ndelte flache Schiffchen-Ziern\u00e4gel Art. 15&#215;7 Flat Bark<\/p>\n<p>15&#215;7 mm<\/p>\n","protected":false},"excerpt":{"rendered":"<p>Ger\u00e4ndelte flache Schiffchen-Ziern\u00e4gel Art. 15&#215;7 Flat Bark 15&#215;7 mm<\/p>\n","protected":false},"featured_media":15556,"template":"","meta":{"_acf_changed":false},"product_brand":[],"product_cat":[433,480],"product_tag":[],"class_list":{"0":"post-16315","1":"product","2":"type-product","3":"status-publish","4":"has-post-thumbnail","6":"product_cat-ziernaegel","7":"product_cat-ovale-ziernaegel","9":"first","10":"instock","11":"shipping-taxable","12":"product-type-simple"},"acf":[],"yoast_head":"<!-- This site is optimized with the Yoast SEO plugin v26.8 - https:\/\/yoast.com\/product\/yoast-seo-wordpress\/ -->\n<title>Ger\u00e4ndelte flache Schiffchen-Ziern\u00e4gel Art. 15x7 Flat Bark | Modimex<\/title>\n<meta name=\"robots\" content=\"index, follow, max-snippet:-1, max-image-preview:large, max-video-preview:-1\" \/>\n<link rel=\"canonical\" href=\"https:\/\/www.modimex.it\/de\/prodotto\/geraendelte-flache-schiffchen-ziernaegel-art-15x7-flat-bark\/\" \/>\n<meta property=\"og:locale\" content=\"de_DE\" \/>\n<meta property=\"og:type\" content=\"article\" \/>\n<meta property=\"og:title\" content=\"Ger\u00e4ndelte flache Schiffchen-Ziern\u00e4gel Art. 15x7 Flat Bark | Modimex\" \/>\n<meta property=\"og:description\" content=\"Ger\u00e4ndelte flache Schiffchen-Ziern\u00e4gel Art. 15&#215;7 Flat Bark 15&#215;7 mm\" \/>\n<meta property=\"og:url\" content=\"https:\/\/www.modimex.it\/de\/prodotto\/geraendelte-flache-schiffchen-ziernaegel-art-15x7-flat-bark\/\" \/>\n<meta property=\"og:site_name\" content=\"Modimex\" \/>\n<meta property=\"article:modified_time\" content=\"2021-07-15T14:01:07+00:00\" \/>\n<meta property=\"og:image\" content=\"https:\/\/www.modimex.it\/wp-content\/uploads\/2016\/09\/15X7FLAT.jpg\" \/>\n\t<meta property=\"og:image:width\" content=\"1000\" \/>\n\t<meta property=\"og:image:height\" content=\"667\" \/>\n\t<meta property=\"og:image:type\" content=\"image\/jpeg\" \/>\n<script type=\"application\/ld+json\" class=\"yoast-schema-graph\">{\"@context\":\"https:\/\/schema.org\",\"@graph\":[{\"@type\":\"WebPage\",\"@id\":\"https:\/\/www.modimex.it\/de\/prodotto\/geraendelte-flache-schiffchen-ziernaegel-art-15x7-flat-bark\/\",\"url\":\"https:\/\/www.modimex.it\/de\/prodotto\/geraendelte-flache-schiffchen-ziernaegel-art-15x7-flat-bark\/\",\"name\":\"Ger\u00e4ndelte flache Schiffchen-Ziern\u00e4gel Art. 15x7 Flat Bark | Modimex\",\"isPartOf\":{\"@id\":\"https:\/\/www.modimex.it\/#website\"},\"primaryImageOfPage\":{\"@id\":\"https:\/\/www.modimex.it\/de\/prodotto\/geraendelte-flache-schiffchen-ziernaegel-art-15x7-flat-bark\/#primaryimage\"},\"image\":{\"@id\":\"https:\/\/www.modimex.it\/de\/prodotto\/geraendelte-flache-schiffchen-ziernaegel-art-15x7-flat-bark\/#primaryimage\"},\"thumbnailUrl\":\"https:\/\/www.modimex.it\/wp-content\/uploads\/2016\/09\/15X7FLAT.jpg\",\"datePublished\":\"2016-09-12T10:27:39+00:00\",\"dateModified\":\"2021-07-15T14:01:07+00:00\",\"breadcrumb\":{\"@id\":\"https:\/\/www.modimex.it\/de\/prodotto\/geraendelte-flache-schiffchen-ziernaegel-art-15x7-flat-bark\/#breadcrumb\"},\"inLanguage\":\"de\",\"potentialAction\":[{\"@type\":\"ReadAction\",\"target\":[\"https:\/\/www.modimex.it\/de\/prodotto\/geraendelte-flache-schiffchen-ziernaegel-art-15x7-flat-bark\/\"]}]},{\"@type\":\"ImageObject\",\"inLanguage\":\"de\",\"@id\":\"https:\/\/www.modimex.it\/de\/prodotto\/geraendelte-flache-schiffchen-ziernaegel-art-15x7-flat-bark\/#primaryimage\",\"url\":\"https:\/\/www.modimex.it\/wp-content\/uploads\/2016\/09\/15X7FLAT.jpg\",\"contentUrl\":\"https:\/\/www.modimex.it\/wp-content\/uploads\/2016\/09\/15X7FLAT.jpg\",\"width\":1000,\"height\":667},{\"@type\":\"BreadcrumbList\",\"@id\":\"https:\/\/www.modimex.it\/de\/prodotto\/geraendelte-flache-schiffchen-ziernaegel-art-15x7-flat-bark\/#breadcrumb\",\"itemListElement\":[{\"@type\":\"ListItem\",\"position\":1,\"name\":\"Home\",\"item\":\"https:\/\/www.modimex.it\/de\/\"},{\"@type\":\"ListItem\",\"position\":2,\"name\":\"Katalog\",\"item\":\"https:\/\/www.modimex.it\/prodotti-modimex\/\"},{\"@type\":\"ListItem\",\"position\":3,\"name\":\"Ger\u00e4ndelte flache Schiffchen-Ziern\u00e4gel Art. 15&#215;7 Flat Bark\"}]},{\"@type\":\"WebSite\",\"@id\":\"https:\/\/www.modimex.it\/#website\",\"url\":\"https:\/\/www.modimex.it\/\",\"name\":\"Modimex\",\"description\":\"Modimex Accessori srl\",\"publisher\":{\"@id\":\"https:\/\/www.modimex.it\/#organization\"},\"potentialAction\":[{\"@type\":\"SearchAction\",\"target\":{\"@type\":\"EntryPoint\",\"urlTemplate\":\"https:\/\/www.modimex.it\/?s={search_term_string}\"},\"query-input\":{\"@type\":\"PropertyValueSpecification\",\"valueRequired\":true,\"valueName\":\"search_term_string\"}}],\"inLanguage\":\"de\"},{\"@type\":\"Organization\",\"@id\":\"https:\/\/www.modimex.it\/#organization\",\"name\":\"Modimex Accessori Srl\",\"url\":\"https:\/\/www.modimex.it\/\",\"logo\":{\"@type\":\"ImageObject\",\"inLanguage\":\"de\",\"@id\":\"https:\/\/www.modimex.it\/#\/schema\/logo\/image\/\",\"url\":\"https:\/\/www.modimex.it\/wp-content\/uploads\/2019\/03\/cropped-Logo-MODIMEX-Accessori.png\",\"contentUrl\":\"https:\/\/www.modimex.it\/wp-content\/uploads\/2019\/03\/cropped-Logo-MODIMEX-Accessori.png\",\"width\":512,\"height\":512,\"caption\":\"Modimex Accessori Srl\"},\"image\":{\"@id\":\"https:\/\/www.modimex.it\/#\/schema\/logo\/image\/\"}}]}<\/script>\n<!-- \/ Yoast SEO plugin. -->","yoast_head_json":{"title":"Ger\u00e4ndelte flache Schiffchen-Ziern\u00e4gel Art. 15x7 Flat Bark | Modimex","robots":{"index":"index","follow":"follow","max-snippet":"max-snippet:-1","max-image-preview":"max-image-preview:large","max-video-preview":"max-video-preview:-1"},"canonical":"https:\/\/www.modimex.it\/de\/prodotto\/geraendelte-flache-schiffchen-ziernaegel-art-15x7-flat-bark\/","og_locale":"de_DE","og_type":"article","og_title":"Ger\u00e4ndelte flache Schiffchen-Ziern\u00e4gel Art. 15x7 Flat Bark | Modimex","og_description":"Ger\u00e4ndelte flache Schiffchen-Ziern\u00e4gel Art. 15&#215;7 Flat Bark 15&#215;7 mm","og_url":"https:\/\/www.modimex.it\/de\/prodotto\/geraendelte-flache-schiffchen-ziernaegel-art-15x7-flat-bark\/","og_site_name":"Modimex","article_modified_time":"2021-07-15T14:01:07+00:00","og_image":[{"width":1000,"height":667,"url":"https:\/\/www.modimex.it\/wp-content\/uploads\/2016\/09\/15X7FLAT.jpg","type":"image\/jpeg"}],"schema":{"@context":"https:\/\/schema.org","@graph":[{"@type":"WebPage","@id":"https:\/\/www.modimex.it\/de\/prodotto\/geraendelte-flache-schiffchen-ziernaegel-art-15x7-flat-bark\/","url":"https:\/\/www.modimex.it\/de\/prodotto\/geraendelte-flache-schiffchen-ziernaegel-art-15x7-flat-bark\/","name":"Ger\u00e4ndelte flache Schiffchen-Ziern\u00e4gel Art. 15x7 Flat Bark | Modimex","isPartOf":{"@id":"https:\/\/www.modimex.it\/#website"},"primaryImageOfPage":{"@id":"https:\/\/www.modimex.it\/de\/prodotto\/geraendelte-flache-schiffchen-ziernaegel-art-15x7-flat-bark\/#primaryimage"},"image":{"@id":"https:\/\/www.modimex.it\/de\/prodotto\/geraendelte-flache-schiffchen-ziernaegel-art-15x7-flat-bark\/#primaryimage"},"thumbnailUrl":"https:\/\/www.modimex.it\/wp-content\/uploads\/2016\/09\/15X7FLAT.jpg","datePublished":"2016-09-12T10:27:39+00:00","dateModified":"2021-07-15T14:01:07+00:00","breadcrumb":{"@id":"https:\/\/www.modimex.it\/de\/prodotto\/geraendelte-flache-schiffchen-ziernaegel-art-15x7-flat-bark\/#breadcrumb"},"inLanguage":"de","potentialAction":[{"@type":"ReadAction","target":["https:\/\/www.modimex.it\/de\/prodotto\/geraendelte-flache-schiffchen-ziernaegel-art-15x7-flat-bark\/"]}]},{"@type":"ImageObject","inLanguage":"de","@id":"https:\/\/www.modimex.it\/de\/prodotto\/geraendelte-flache-schiffchen-ziernaegel-art-15x7-flat-bark\/#primaryimage","url":"https:\/\/www.modimex.it\/wp-content\/uploads\/2016\/09\/15X7FLAT.jpg","contentUrl":"https:\/\/www.modimex.it\/wp-content\/uploads\/2016\/09\/15X7FLAT.jpg","width":1000,"height":667},{"@type":"BreadcrumbList","@id":"https:\/\/www.modimex.it\/de\/prodotto\/geraendelte-flache-schiffchen-ziernaegel-art-15x7-flat-bark\/#breadcrumb","itemListElement":[{"@type":"ListItem","position":1,"name":"Home","item":"https:\/\/www.modimex.it\/de\/"},{"@type":"ListItem","position":2,"name":"Katalog","item":"https:\/\/www.modimex.it\/prodotti-modimex\/"},{"@type":"ListItem","position":3,"name":"Ger\u00e4ndelte flache Schiffchen-Ziern\u00e4gel Art. 15&#215;7 Flat Bark"}]},{"@type":"WebSite","@id":"https:\/\/www.modimex.it\/#website","url":"https:\/\/www.modimex.it\/","name":"Modimex","description":"Modimex Accessori srl","publisher":{"@id":"https:\/\/www.modimex.it\/#organization"},"potentialAction":[{"@type":"SearchAction","target":{"@type":"EntryPoint","urlTemplate":"https:\/\/www.modimex.it\/?s={search_term_string}"},"query-input":{"@type":"PropertyValueSpecification","valueRequired":true,"valueName":"search_term_string"}}],"inLanguage":"de"},{"@type":"Organization","@id":"https:\/\/www.modimex.it\/#organization","name":"Modimex Accessori Srl","url":"https:\/\/www.modimex.it\/","logo":{"@type":"ImageObject","inLanguage":"de","@id":"https:\/\/www.modimex.it\/#\/schema\/logo\/image\/","url":"https:\/\/www.modimex.it\/wp-content\/uploads\/2019\/03\/cropped-Logo-MODIMEX-Accessori.png","contentUrl":"https:\/\/www.modimex.it\/wp-content\/uploads\/2019\/03\/cropped-Logo-MODIMEX-Accessori.png","width":512,"height":512,"caption":"Modimex Accessori Srl"},"image":{"@id":"https:\/\/www.modimex.it\/#\/schema\/logo\/image\/"}}]}},"_links":{"self":[{"href":"https:\/\/www.modimex.it\/de\/wp-json\/wp\/v2\/product\/16315","targetHints":{"allow":["GET"]}}],"collection":[{"href":"https:\/\/www.modimex.it\/de\/wp-json\/wp\/v2\/product"}],"about":[{"href":"https:\/\/www.modimex.it\/de\/wp-json\/wp\/v2\/types\/product"}],"wp:featuredmedia":[{"embeddable":true,"href":"https:\/\/www.modimex.it\/de\/wp-json\/wp\/v2\/media\/15556"}],"wp:attachment":[{"href":"https:\/\/www.modimex.it\/de\/wp-json\/wp\/v2\/media?parent=16315"}],"wp:term":[{"taxonomy":"product_brand","embeddable":true,"href":"https:\/\/www.modimex.it\/de\/wp-json\/wp\/v2\/product_brand?post=16315"},{"taxonomy":"product_cat","embeddable":true,"href":"https:\/\/www.modimex.it\/de\/wp-json\/wp\/v2\/product_cat?post=16315"},{"taxonomy":"product_tag","embeddable":true,"href":"https:\/\/www.modimex.it\/de\/wp-json\/wp\/v2\/product_tag?post=16315"}],"curies":[{"name":"wp","href":"https:\/\/api.w.org\/{rel}","templated":true}]}}