{"id":16171,"date":"2016-09-13T10:04:26","date_gmt":"2016-09-13T08:04:26","guid":{"rendered":"http:\/\/www.modimex.it\/prodotto\/castoni-per-applicazione-pietre-forma-rotonda-art-rim-settings-rotondi\/"},"modified":"2021-07-15T16:01:15","modified_gmt":"2021-07-15T14:01:15","slug":"fassungen-fuer-steinanwendungen-runde-form-art-rim-settings-rotondi","status":"publish","type":"product","link":"https:\/\/www.modimex.it\/de\/produkt\/fassungen-fuer-steinanwendungen-runde-form-art-rim-settings-rotondi\/","title":{"rendered":"Fassungen f\u00fcr Steinanwendungen runde Form Art. Rim Settings rotondi"},"content":{"rendered":"<p>Fassungen f\u00fcr Steinanwendungen runde Form Art. Rim Settings rotondi<\/p>\n<p>Die folgenden Ma\u00dfe beziehen sich auf die aufzutragenden Steine:<\/p>\n<p>2.5 mm<br \/>\n3 mm<br \/>\n3.5 mm<br \/>\n4 mm<br \/>\n4.5 mm<br \/>\n5 mm<br \/>\n6 mm<br \/>\n7 mm<br \/>\n8 mm<br \/>\n9 mm<br \/>\n10 mm<br \/>\n11 mm<br \/>\n13 mm<br \/>\n15 mm<br \/>\n18 mm<br \/>\n20 mm<br \/>\n22 mm<br \/>\n25 mm<\/p>\n","protected":false},"excerpt":{"rendered":"<p>Fassungen f\u00fcr Steinanwendungen runde Form Art. Rim Settings rotondi Die folgenden Ma\u00dfe beziehen sich auf die aufzutragenden Steine: 2.5 mm 3 mm 3.5 mm 4 mm 4.5 mm 5 mm 6 mm 7 mm 8 mm 9 mm 10 mm 11 mm 13 mm 15 mm 18 mm 20 mm 22 mm 25 mm<\/p>\n","protected":false},"featured_media":16173,"template":"","meta":{"_acf_changed":false},"product_brand":[],"product_cat":[433,443,472,471],"product_tag":[],"class_list":{"0":"post-16171","1":"product","2":"type-product","3":"status-publish","4":"has-post-thumbnail","6":"product_cat-ziernaegel","7":"product_cat-strass-pietre-e-perle-de","8":"product_cat-rim-settings-de","9":"product_cat-fassungen-fuer-steinanwendungen","11":"first","12":"instock","13":"shipping-taxable","14":"product-type-simple"},"acf":[],"yoast_head":"<!-- This site is optimized with the Yoast SEO plugin v26.8 - https:\/\/yoast.com\/product\/yoast-seo-wordpress\/ -->\n<title>Fassungen f\u00fcr Steinanwendungen runde Form Art. Rim Settings rotondi | Modimex<\/title>\n<meta name=\"robots\" content=\"index, follow, max-snippet:-1, max-image-preview:large, max-video-preview:-1\" \/>\n<link rel=\"canonical\" href=\"https:\/\/www.modimex.it\/de\/prodotto\/fassungen-fuer-steinanwendungen-runde-form-art-rim-settings-rotondi\/\" \/>\n<meta property=\"og:locale\" content=\"de_DE\" \/>\n<meta property=\"og:type\" content=\"article\" \/>\n<meta property=\"og:title\" content=\"Fassungen f\u00fcr Steinanwendungen runde Form Art. Rim Settings rotondi | Modimex\" \/>\n<meta property=\"og:description\" content=\"Fassungen f\u00fcr Steinanwendungen runde Form Art. Rim Settings rotondi Die folgenden Ma\u00dfe beziehen sich auf die aufzutragenden Steine: 2.5 mm 3 mm 3.5 mm 4 mm 4.5 mm 5 mm 6 mm 7 mm 8 mm 9 mm 10 mm 11 mm 13 mm 15 mm 18 mm 20 mm 22 mm 25 mm\" \/>\n<meta property=\"og:url\" content=\"https:\/\/www.modimex.it\/de\/prodotto\/fassungen-fuer-steinanwendungen-runde-form-art-rim-settings-rotondi\/\" \/>\n<meta property=\"og:site_name\" content=\"Modimex\" \/>\n<meta property=\"article:modified_time\" content=\"2021-07-15T14:01:15+00:00\" \/>\n<meta property=\"og:image\" content=\"https:\/\/www.modimex.it\/wp-content\/uploads\/2016\/09\/RS-TONDI.jpg\" \/>\n\t<meta property=\"og:image:width\" content=\"1000\" \/>\n\t<meta property=\"og:image:height\" content=\"667\" \/>\n\t<meta property=\"og:image:type\" content=\"image\/jpeg\" \/>\n<script type=\"application\/ld+json\" class=\"yoast-schema-graph\">{\"@context\":\"https:\/\/schema.org\",\"@graph\":[{\"@type\":\"WebPage\",\"@id\":\"https:\/\/www.modimex.it\/de\/prodotto\/fassungen-fuer-steinanwendungen-runde-form-art-rim-settings-rotondi\/\",\"url\":\"https:\/\/www.modimex.it\/de\/prodotto\/fassungen-fuer-steinanwendungen-runde-form-art-rim-settings-rotondi\/\",\"name\":\"Fassungen f\u00fcr Steinanwendungen runde Form Art. Rim Settings rotondi | Modimex\",\"isPartOf\":{\"@id\":\"https:\/\/www.modimex.it\/#website\"},\"primaryImageOfPage\":{\"@id\":\"https:\/\/www.modimex.it\/de\/prodotto\/fassungen-fuer-steinanwendungen-runde-form-art-rim-settings-rotondi\/#primaryimage\"},\"image\":{\"@id\":\"https:\/\/www.modimex.it\/de\/prodotto\/fassungen-fuer-steinanwendungen-runde-form-art-rim-settings-rotondi\/#primaryimage\"},\"thumbnailUrl\":\"https:\/\/www.modimex.it\/wp-content\/uploads\/2016\/09\/RS-TONDI.jpg\",\"datePublished\":\"2016-09-13T08:04:26+00:00\",\"dateModified\":\"2021-07-15T14:01:15+00:00\",\"breadcrumb\":{\"@id\":\"https:\/\/www.modimex.it\/de\/prodotto\/fassungen-fuer-steinanwendungen-runde-form-art-rim-settings-rotondi\/#breadcrumb\"},\"inLanguage\":\"de\",\"potentialAction\":[{\"@type\":\"ReadAction\",\"target\":[\"https:\/\/www.modimex.it\/de\/prodotto\/fassungen-fuer-steinanwendungen-runde-form-art-rim-settings-rotondi\/\"]}]},{\"@type\":\"ImageObject\",\"inLanguage\":\"de\",\"@id\":\"https:\/\/www.modimex.it\/de\/prodotto\/fassungen-fuer-steinanwendungen-runde-form-art-rim-settings-rotondi\/#primaryimage\",\"url\":\"https:\/\/www.modimex.it\/wp-content\/uploads\/2016\/09\/RS-TONDI.jpg\",\"contentUrl\":\"https:\/\/www.modimex.it\/wp-content\/uploads\/2016\/09\/RS-TONDI.jpg\",\"width\":1000,\"height\":667},{\"@type\":\"BreadcrumbList\",\"@id\":\"https:\/\/www.modimex.it\/de\/prodotto\/fassungen-fuer-steinanwendungen-runde-form-art-rim-settings-rotondi\/#breadcrumb\",\"itemListElement\":[{\"@type\":\"ListItem\",\"position\":1,\"name\":\"Home\",\"item\":\"https:\/\/www.modimex.it\/de\/\"},{\"@type\":\"ListItem\",\"position\":2,\"name\":\"Katalog\",\"item\":\"https:\/\/www.modimex.it\/prodotti-modimex\/\"},{\"@type\":\"ListItem\",\"position\":3,\"name\":\"Fassungen f\u00fcr Steinanwendungen runde Form Art. Rim Settings rotondi\"}]},{\"@type\":\"WebSite\",\"@id\":\"https:\/\/www.modimex.it\/#website\",\"url\":\"https:\/\/www.modimex.it\/\",\"name\":\"Modimex\",\"description\":\"Modimex Accessori srl\",\"publisher\":{\"@id\":\"https:\/\/www.modimex.it\/#organization\"},\"potentialAction\":[{\"@type\":\"SearchAction\",\"target\":{\"@type\":\"EntryPoint\",\"urlTemplate\":\"https:\/\/www.modimex.it\/?s={search_term_string}\"},\"query-input\":{\"@type\":\"PropertyValueSpecification\",\"valueRequired\":true,\"valueName\":\"search_term_string\"}}],\"inLanguage\":\"de\"},{\"@type\":\"Organization\",\"@id\":\"https:\/\/www.modimex.it\/#organization\",\"name\":\"Modimex Accessori Srl\",\"url\":\"https:\/\/www.modimex.it\/\",\"logo\":{\"@type\":\"ImageObject\",\"inLanguage\":\"de\",\"@id\":\"https:\/\/www.modimex.it\/#\/schema\/logo\/image\/\",\"url\":\"https:\/\/www.modimex.it\/wp-content\/uploads\/2019\/03\/cropped-Logo-MODIMEX-Accessori.png\",\"contentUrl\":\"https:\/\/www.modimex.it\/wp-content\/uploads\/2019\/03\/cropped-Logo-MODIMEX-Accessori.png\",\"width\":512,\"height\":512,\"caption\":\"Modimex Accessori Srl\"},\"image\":{\"@id\":\"https:\/\/www.modimex.it\/#\/schema\/logo\/image\/\"}}]}<\/script>\n<!-- \/ Yoast SEO plugin. -->","yoast_head_json":{"title":"Fassungen f\u00fcr Steinanwendungen runde Form Art. Rim Settings rotondi | Modimex","robots":{"index":"index","follow":"follow","max-snippet":"max-snippet:-1","max-image-preview":"max-image-preview:large","max-video-preview":"max-video-preview:-1"},"canonical":"https:\/\/www.modimex.it\/de\/prodotto\/fassungen-fuer-steinanwendungen-runde-form-art-rim-settings-rotondi\/","og_locale":"de_DE","og_type":"article","og_title":"Fassungen f\u00fcr Steinanwendungen runde Form Art. Rim Settings rotondi | Modimex","og_description":"Fassungen f\u00fcr Steinanwendungen runde Form Art. Rim Settings rotondi Die folgenden Ma\u00dfe beziehen sich auf die aufzutragenden Steine: 2.5 mm 3 mm 3.5 mm 4 mm 4.5 mm 5 mm 6 mm 7 mm 8 mm 9 mm 10 mm 11 mm 13 mm 15 mm 18 mm 20 mm 22 mm 25 mm","og_url":"https:\/\/www.modimex.it\/de\/prodotto\/fassungen-fuer-steinanwendungen-runde-form-art-rim-settings-rotondi\/","og_site_name":"Modimex","article_modified_time":"2021-07-15T14:01:15+00:00","og_image":[{"width":1000,"height":667,"url":"https:\/\/www.modimex.it\/wp-content\/uploads\/2016\/09\/RS-TONDI.jpg","type":"image\/jpeg"}],"schema":{"@context":"https:\/\/schema.org","@graph":[{"@type":"WebPage","@id":"https:\/\/www.modimex.it\/de\/prodotto\/fassungen-fuer-steinanwendungen-runde-form-art-rim-settings-rotondi\/","url":"https:\/\/www.modimex.it\/de\/prodotto\/fassungen-fuer-steinanwendungen-runde-form-art-rim-settings-rotondi\/","name":"Fassungen f\u00fcr Steinanwendungen runde Form Art. Rim Settings rotondi | Modimex","isPartOf":{"@id":"https:\/\/www.modimex.it\/#website"},"primaryImageOfPage":{"@id":"https:\/\/www.modimex.it\/de\/prodotto\/fassungen-fuer-steinanwendungen-runde-form-art-rim-settings-rotondi\/#primaryimage"},"image":{"@id":"https:\/\/www.modimex.it\/de\/prodotto\/fassungen-fuer-steinanwendungen-runde-form-art-rim-settings-rotondi\/#primaryimage"},"thumbnailUrl":"https:\/\/www.modimex.it\/wp-content\/uploads\/2016\/09\/RS-TONDI.jpg","datePublished":"2016-09-13T08:04:26+00:00","dateModified":"2021-07-15T14:01:15+00:00","breadcrumb":{"@id":"https:\/\/www.modimex.it\/de\/prodotto\/fassungen-fuer-steinanwendungen-runde-form-art-rim-settings-rotondi\/#breadcrumb"},"inLanguage":"de","potentialAction":[{"@type":"ReadAction","target":["https:\/\/www.modimex.it\/de\/prodotto\/fassungen-fuer-steinanwendungen-runde-form-art-rim-settings-rotondi\/"]}]},{"@type":"ImageObject","inLanguage":"de","@id":"https:\/\/www.modimex.it\/de\/prodotto\/fassungen-fuer-steinanwendungen-runde-form-art-rim-settings-rotondi\/#primaryimage","url":"https:\/\/www.modimex.it\/wp-content\/uploads\/2016\/09\/RS-TONDI.jpg","contentUrl":"https:\/\/www.modimex.it\/wp-content\/uploads\/2016\/09\/RS-TONDI.jpg","width":1000,"height":667},{"@type":"BreadcrumbList","@id":"https:\/\/www.modimex.it\/de\/prodotto\/fassungen-fuer-steinanwendungen-runde-form-art-rim-settings-rotondi\/#breadcrumb","itemListElement":[{"@type":"ListItem","position":1,"name":"Home","item":"https:\/\/www.modimex.it\/de\/"},{"@type":"ListItem","position":2,"name":"Katalog","item":"https:\/\/www.modimex.it\/prodotti-modimex\/"},{"@type":"ListItem","position":3,"name":"Fassungen f\u00fcr Steinanwendungen runde Form Art. Rim Settings rotondi"}]},{"@type":"WebSite","@id":"https:\/\/www.modimex.it\/#website","url":"https:\/\/www.modimex.it\/","name":"Modimex","description":"Modimex Accessori srl","publisher":{"@id":"https:\/\/www.modimex.it\/#organization"},"potentialAction":[{"@type":"SearchAction","target":{"@type":"EntryPoint","urlTemplate":"https:\/\/www.modimex.it\/?s={search_term_string}"},"query-input":{"@type":"PropertyValueSpecification","valueRequired":true,"valueName":"search_term_string"}}],"inLanguage":"de"},{"@type":"Organization","@id":"https:\/\/www.modimex.it\/#organization","name":"Modimex Accessori Srl","url":"https:\/\/www.modimex.it\/","logo":{"@type":"ImageObject","inLanguage":"de","@id":"https:\/\/www.modimex.it\/#\/schema\/logo\/image\/","url":"https:\/\/www.modimex.it\/wp-content\/uploads\/2019\/03\/cropped-Logo-MODIMEX-Accessori.png","contentUrl":"https:\/\/www.modimex.it\/wp-content\/uploads\/2019\/03\/cropped-Logo-MODIMEX-Accessori.png","width":512,"height":512,"caption":"Modimex Accessori Srl"},"image":{"@id":"https:\/\/www.modimex.it\/#\/schema\/logo\/image\/"}}]}},"_links":{"self":[{"href":"https:\/\/www.modimex.it\/de\/wp-json\/wp\/v2\/product\/16171","targetHints":{"allow":["GET"]}}],"collection":[{"href":"https:\/\/www.modimex.it\/de\/wp-json\/wp\/v2\/product"}],"about":[{"href":"https:\/\/www.modimex.it\/de\/wp-json\/wp\/v2\/types\/product"}],"wp:featuredmedia":[{"embeddable":true,"href":"https:\/\/www.modimex.it\/de\/wp-json\/wp\/v2\/media\/16173"}],"wp:attachment":[{"href":"https:\/\/www.modimex.it\/de\/wp-json\/wp\/v2\/media?parent=16171"}],"wp:term":[{"taxonomy":"product_brand","embeddable":true,"href":"https:\/\/www.modimex.it\/de\/wp-json\/wp\/v2\/product_brand?post=16171"},{"taxonomy":"product_cat","embeddable":true,"href":"https:\/\/www.modimex.it\/de\/wp-json\/wp\/v2\/product_cat?post=16171"},{"taxonomy":"product_tag","embeddable":true,"href":"https:\/\/www.modimex.it\/de\/wp-json\/wp\/v2\/product_tag?post=16171"}],"curies":[{"name":"wp","href":"https:\/\/api.w.org\/{rel}","templated":true}]}}