{"id":17515,"date":"2016-08-10T15:28:53","date_gmt":"2016-08-10T13:28:53","guid":{"rendered":"http:\/\/www.modimex.it\/lavorazione-accessori-abbigliamento\/"},"modified":"2023-07-27T16:55:30","modified_gmt":"2023-07-27T14:55:30","slug":"lavorazione-accessori-abbigliamento","status":"publish","type":"page","link":"https:\/\/www.modimex.it\/de\/lavorazione-accessori-abbigliamento\/","title":{"rendered":"Lavorazione accessori per abbigliamento"},"content":{"rendered":"\n<h2 class=\"wp-block-heading\">La tecnologia pi\u00f9 moderna per offrire prodotti esclusivi e di qualit\u00e0<\/h2>\n\n\n\n<p>Modimex nasce negli anni \u201960 con la produzione e lavorazione di <strong>accessori per l\u2019abbigliamento<\/strong>, in particolare <strong>accessori borse<\/strong>, <strong>accessori calzature<\/strong> e <strong>pelletterie<\/strong>.<\/p>\n\n\n\n<p>Con passione e professionalit\u00e0, negli anni \u00e8 riuscita a conquistarsi un posto di rilievo fra le migliori aziende del settore, riuscendo ad espandere i suoi prodotti sul territorio nazionale ed internazionale. Da sempre la mission dell\u2019azienda \u00e8 quella di valorizzare le risorse umane, aumentare la produttivit\u00e0 e raffinare la qualit\u00e0 dei prodotti realizzati.<\/p>\n\n\n\n<p>Modimex si avvale di un team di professionisti che ogni giorno \u00e8 al tuo servizio per trasformare i desideri in prodotti eleganti e raffinati. L\u2019azienda \u00e8 specializzata nella lavorazione e applicazione di accessori per l\u2019abbigliamento, riuscendo a produrre creazioni personalizzate in base alle esigenze della clientela.<br>Fra le prime ad avvalersi della collaborazione di importanti designer per la realizzazione delle proprie collezioni, Modimex \u00e8 riuscita a creare prodotti che hanno segnato l\u2019intero settore con linee presenti in importanti esposizioni internazionali di design dell\u2019accessorio.<\/p>\n\n\n\n<p><em>Lasciati ispirare, scatena la tua fantasia e progetta il tuo articolo: Modimex lo realizzer\u00e0 secondo le tue esigenze.<\/em><\/p>\n\n\n\n<p>L\u2019azienda, in continuo sviluppo innovativo, non si \u00e8 mai fermata e le sue creazioni sono apprezzate dalle migliori griffe internazionali perch\u00e9 concepite in splendide ed infinite varianti. Modimex propone un\u2019ampia collezione di semilavorati che si adattano alla creativit\u00e0 anche degli stilisti pi\u00f9 esigenti: <a href=\"\/catalogo-prodotti\/borchie\/\"><strong>borchie<\/strong><\/a>, <strong>decorazioni<\/strong>, <strong>intrecci in pelle<\/strong>, prodotti che rispecchiano la <strong>creativit\u00e0<\/strong> di Modimex.<\/p>\n\n\n\n<figure class=\"wp-block-gallery has-nested-images columns-2 is-cropped wp-block-gallery-1 is-layout-flex wp-block-gallery-is-layout-flex\">\n<figure class=\"wp-block-image size-medium\"><img loading=\"lazy\" decoding=\"async\" width=\"300\" height=\"200\" data-id=\"16467\" src=\"https:\/\/www.modimex.it\/wp-content\/uploads\/2016\/08\/MODIMEX-DAVANTI-300x200.jpg\" alt=\"\" class=\"wp-image-16467\" srcset=\"https:\/\/www.modimex.it\/wp-content\/uploads\/2016\/08\/MODIMEX-DAVANTI-300x200.jpg 300w, https:\/\/www.modimex.it\/wp-content\/uploads\/2016\/08\/MODIMEX-DAVANTI-768x512.jpg 768w, https:\/\/www.modimex.it\/wp-content\/uploads\/2016\/08\/MODIMEX-DAVANTI-64x43.jpg 64w, https:\/\/www.modimex.it\/wp-content\/uploads\/2016\/08\/MODIMEX-DAVANTI.jpg 1000w\" sizes=\"auto, (max-width: 300px) 100vw, 300px\" \/><\/figure>\n\n\n\n<figure class=\"wp-block-image size-medium\"><img loading=\"lazy\" decoding=\"async\" width=\"2007\" height=\"1504\" data-id=\"16827\" src=\"https:\/\/www.modimex.it\/wp-content\/uploads\/2019\/03\/MODIMEX-DIETRO-2.jpg\" alt=\"\" class=\"wp-image-16827\" srcset=\"https:\/\/www.modimex.it\/wp-content\/uploads\/2019\/03\/MODIMEX-DIETRO-2.jpg 2007w, https:\/\/www.modimex.it\/wp-content\/uploads\/2019\/03\/MODIMEX-DIETRO-2-64x48.jpg 64w\" sizes=\"auto, (max-width: 2007px) 100vw, 2007px\" \/><\/figure>\n<\/figure>\n","protected":false},"excerpt":{"rendered":"<p>La tecnologia pi\u00f9 moderna per offrire prodotti esclusivi e di qualit\u00e0 Modimex nasce negli anni \u201960 con la produzione e lavorazione di accessori per l\u2019abbigliamento, in particolare accessori borse, accessori calzature e pelletterie. Con passione e professionalit\u00e0, negli anni \u00e8 riuscita a conquistarsi un posto di rilievo fra le migliori aziende del settore, riuscendo ad [&hellip;]<\/p>\n","protected":false},"author":1,"featured_media":0,"parent":0,"menu_order":0,"comment_status":"closed","ping_status":"closed","template":"","meta":{"_acf_changed":false,"footnotes":""},"class_list":["post-17515","page","type-page","status-publish","hentry"],"acf":[],"yoast_head":"<!-- This site is optimized with the Yoast SEO plugin v26.8 - https:\/\/yoast.com\/product\/yoast-seo-wordpress\/ -->\n<title>Lavorazione accessori abbigliamento | Modimex Accessori srl<\/title>\n<meta name=\"description\" content=\"Modimex \u00e8 specializzata nella produzione e lavorazione degli accessori per abbigliamento come accessori borse, accessori calzature e accessori pelletterie.\" \/>\n<meta name=\"robots\" content=\"index, follow, max-snippet:-1, max-image-preview:large, max-video-preview:-1\" \/>\n<link rel=\"canonical\" href=\"https:\/\/www.modimex.it\/lavorazione-accessori-abbigliamento\/\" \/>\n<meta property=\"og:locale\" content=\"de_DE\" \/>\n<meta property=\"og:type\" content=\"article\" \/>\n<meta property=\"og:title\" content=\"Lavorazione accessori abbigliamento | Modimex Accessori srl\" \/>\n<meta property=\"og:description\" content=\"Modimex \u00e8 specializzata nella produzione e lavorazione degli accessori per abbigliamento come accessori borse, accessori calzature e accessori pelletterie.\" \/>\n<meta property=\"og:url\" content=\"https:\/\/www.modimex.it\/lavorazione-accessori-abbigliamento\/\" \/>\n<meta property=\"og:site_name\" content=\"Modimex\" \/>\n<meta property=\"article:modified_time\" content=\"2023-07-27T14:55:30+00:00\" \/>\n<meta property=\"og:image\" content=\"https:\/\/www.modimex.it\/wp-content\/uploads\/2016\/08\/MODIMEX-DAVANTI-300x200.jpg\" \/>\n<script type=\"application\/ld+json\" class=\"yoast-schema-graph\">{\"@context\":\"https:\/\/schema.org\",\"@graph\":[{\"@type\":\"WebPage\",\"@id\":\"https:\/\/www.modimex.it\/lavorazione-accessori-abbigliamento\/\",\"url\":\"https:\/\/www.modimex.it\/lavorazione-accessori-abbigliamento\/\",\"name\":\"Lavorazione accessori abbigliamento | Modimex Accessori srl\",\"isPartOf\":{\"@id\":\"https:\/\/www.modimex.it\/#website\"},\"primaryImageOfPage\":{\"@id\":\"https:\/\/www.modimex.it\/lavorazione-accessori-abbigliamento\/#primaryimage\"},\"image\":{\"@id\":\"https:\/\/www.modimex.it\/lavorazione-accessori-abbigliamento\/#primaryimage\"},\"thumbnailUrl\":\"https:\/\/www.modimex.it\/wp-content\/uploads\/2016\/08\/MODIMEX-DAVANTI-300x200.jpg\",\"datePublished\":\"2016-08-10T13:28:53+00:00\",\"dateModified\":\"2023-07-27T14:55:30+00:00\",\"description\":\"Modimex \u00e8 specializzata nella produzione e lavorazione degli accessori per abbigliamento come accessori borse, accessori calzature e accessori pelletterie.\",\"breadcrumb\":{\"@id\":\"https:\/\/www.modimex.it\/lavorazione-accessori-abbigliamento\/#breadcrumb\"},\"inLanguage\":\"de\",\"potentialAction\":[{\"@type\":\"ReadAction\",\"target\":[\"https:\/\/www.modimex.it\/lavorazione-accessori-abbigliamento\/\"]}]},{\"@type\":\"ImageObject\",\"inLanguage\":\"de\",\"@id\":\"https:\/\/www.modimex.it\/lavorazione-accessori-abbigliamento\/#primaryimage\",\"url\":\"https:\/\/www.modimex.it\/wp-content\/uploads\/2016\/08\/MODIMEX-DAVANTI-300x200.jpg\",\"contentUrl\":\"https:\/\/www.modimex.it\/wp-content\/uploads\/2016\/08\/MODIMEX-DAVANTI-300x200.jpg\"},{\"@type\":\"BreadcrumbList\",\"@id\":\"https:\/\/www.modimex.it\/lavorazione-accessori-abbigliamento\/#breadcrumb\",\"itemListElement\":[{\"@type\":\"ListItem\",\"position\":1,\"name\":\"Home\",\"item\":\"https:\/\/www.modimex.it\/de\/\"},{\"@type\":\"ListItem\",\"position\":2,\"name\":\"Lavorazione accessori per abbigliamento\"}]},{\"@type\":\"WebSite\",\"@id\":\"https:\/\/www.modimex.it\/#website\",\"url\":\"https:\/\/www.modimex.it\/\",\"name\":\"Modimex\",\"description\":\"Modimex Accessori srl\",\"publisher\":{\"@id\":\"https:\/\/www.modimex.it\/#organization\"},\"potentialAction\":[{\"@type\":\"SearchAction\",\"target\":{\"@type\":\"EntryPoint\",\"urlTemplate\":\"https:\/\/www.modimex.it\/?s={search_term_string}\"},\"query-input\":{\"@type\":\"PropertyValueSpecification\",\"valueRequired\":true,\"valueName\":\"search_term_string\"}}],\"inLanguage\":\"de\"},{\"@type\":\"Organization\",\"@id\":\"https:\/\/www.modimex.it\/#organization\",\"name\":\"Modimex Accessori Srl\",\"url\":\"https:\/\/www.modimex.it\/\",\"logo\":{\"@type\":\"ImageObject\",\"inLanguage\":\"de\",\"@id\":\"https:\/\/www.modimex.it\/#\/schema\/logo\/image\/\",\"url\":\"https:\/\/www.modimex.it\/wp-content\/uploads\/2019\/03\/cropped-Logo-MODIMEX-Accessori.png\",\"contentUrl\":\"https:\/\/www.modimex.it\/wp-content\/uploads\/2019\/03\/cropped-Logo-MODIMEX-Accessori.png\",\"width\":512,\"height\":512,\"caption\":\"Modimex Accessori Srl\"},\"image\":{\"@id\":\"https:\/\/www.modimex.it\/#\/schema\/logo\/image\/\"}}]}<\/script>\n<!-- \/ Yoast SEO plugin. -->","yoast_head_json":{"title":"Lavorazione accessori abbigliamento | Modimex Accessori srl","description":"Modimex \u00e8 specializzata nella produzione e lavorazione degli accessori per abbigliamento come accessori borse, accessori calzature e accessori pelletterie.","robots":{"index":"index","follow":"follow","max-snippet":"max-snippet:-1","max-image-preview":"max-image-preview:large","max-video-preview":"max-video-preview:-1"},"canonical":"https:\/\/www.modimex.it\/lavorazione-accessori-abbigliamento\/","og_locale":"de_DE","og_type":"article","og_title":"Lavorazione accessori abbigliamento | Modimex Accessori srl","og_description":"Modimex \u00e8 specializzata nella produzione e lavorazione degli accessori per abbigliamento come accessori borse, accessori calzature e accessori pelletterie.","og_url":"https:\/\/www.modimex.it\/lavorazione-accessori-abbigliamento\/","og_site_name":"Modimex","article_modified_time":"2023-07-27T14:55:30+00:00","og_image":[{"url":"https:\/\/www.modimex.it\/wp-content\/uploads\/2016\/08\/MODIMEX-DAVANTI-300x200.jpg","type":"","width":"","height":""}],"schema":{"@context":"https:\/\/schema.org","@graph":[{"@type":"WebPage","@id":"https:\/\/www.modimex.it\/lavorazione-accessori-abbigliamento\/","url":"https:\/\/www.modimex.it\/lavorazione-accessori-abbigliamento\/","name":"Lavorazione accessori abbigliamento | Modimex Accessori srl","isPartOf":{"@id":"https:\/\/www.modimex.it\/#website"},"primaryImageOfPage":{"@id":"https:\/\/www.modimex.it\/lavorazione-accessori-abbigliamento\/#primaryimage"},"image":{"@id":"https:\/\/www.modimex.it\/lavorazione-accessori-abbigliamento\/#primaryimage"},"thumbnailUrl":"https:\/\/www.modimex.it\/wp-content\/uploads\/2016\/08\/MODIMEX-DAVANTI-300x200.jpg","datePublished":"2016-08-10T13:28:53+00:00","dateModified":"2023-07-27T14:55:30+00:00","description":"Modimex \u00e8 specializzata nella produzione e lavorazione degli accessori per abbigliamento come accessori borse, accessori calzature e accessori pelletterie.","breadcrumb":{"@id":"https:\/\/www.modimex.it\/lavorazione-accessori-abbigliamento\/#breadcrumb"},"inLanguage":"de","potentialAction":[{"@type":"ReadAction","target":["https:\/\/www.modimex.it\/lavorazione-accessori-abbigliamento\/"]}]},{"@type":"ImageObject","inLanguage":"de","@id":"https:\/\/www.modimex.it\/lavorazione-accessori-abbigliamento\/#primaryimage","url":"https:\/\/www.modimex.it\/wp-content\/uploads\/2016\/08\/MODIMEX-DAVANTI-300x200.jpg","contentUrl":"https:\/\/www.modimex.it\/wp-content\/uploads\/2016\/08\/MODIMEX-DAVANTI-300x200.jpg"},{"@type":"BreadcrumbList","@id":"https:\/\/www.modimex.it\/lavorazione-accessori-abbigliamento\/#breadcrumb","itemListElement":[{"@type":"ListItem","position":1,"name":"Home","item":"https:\/\/www.modimex.it\/de\/"},{"@type":"ListItem","position":2,"name":"Lavorazione accessori per abbigliamento"}]},{"@type":"WebSite","@id":"https:\/\/www.modimex.it\/#website","url":"https:\/\/www.modimex.it\/","name":"Modimex","description":"Modimex Accessori srl","publisher":{"@id":"https:\/\/www.modimex.it\/#organization"},"potentialAction":[{"@type":"SearchAction","target":{"@type":"EntryPoint","urlTemplate":"https:\/\/www.modimex.it\/?s={search_term_string}"},"query-input":{"@type":"PropertyValueSpecification","valueRequired":true,"valueName":"search_term_string"}}],"inLanguage":"de"},{"@type":"Organization","@id":"https:\/\/www.modimex.it\/#organization","name":"Modimex Accessori Srl","url":"https:\/\/www.modimex.it\/","logo":{"@type":"ImageObject","inLanguage":"de","@id":"https:\/\/www.modimex.it\/#\/schema\/logo\/image\/","url":"https:\/\/www.modimex.it\/wp-content\/uploads\/2019\/03\/cropped-Logo-MODIMEX-Accessori.png","contentUrl":"https:\/\/www.modimex.it\/wp-content\/uploads\/2019\/03\/cropped-Logo-MODIMEX-Accessori.png","width":512,"height":512,"caption":"Modimex Accessori Srl"},"image":{"@id":"https:\/\/www.modimex.it\/#\/schema\/logo\/image\/"}}]}},"_links":{"self":[{"href":"https:\/\/www.modimex.it\/de\/wp-json\/wp\/v2\/pages\/17515","targetHints":{"allow":["GET"]}}],"collection":[{"href":"https:\/\/www.modimex.it\/de\/wp-json\/wp\/v2\/pages"}],"about":[{"href":"https:\/\/www.modimex.it\/de\/wp-json\/wp\/v2\/types\/page"}],"author":[{"embeddable":true,"href":"https:\/\/www.modimex.it\/de\/wp-json\/wp\/v2\/users\/1"}],"replies":[{"embeddable":true,"href":"https:\/\/www.modimex.it\/de\/wp-json\/wp\/v2\/comments?post=17515"}],"version-history":[{"count":0,"href":"https:\/\/www.modimex.it\/de\/wp-json\/wp\/v2\/pages\/17515\/revisions"}],"wp:attachment":[{"href":"https:\/\/www.modimex.it\/de\/wp-json\/wp\/v2\/media?parent=17515"}],"curies":[{"name":"wp","href":"https:\/\/api.w.org\/{rel}","templated":true}]}}